{"id":2177,"date":"2021-10-26T12:09:35","date_gmt":"2021-10-26T09:09:35","guid":{"rendered":"https:\/\/clubvet.com.tr\/our-hospital\/our-team\/"},"modified":"2021-11-18T11:24:37","modified_gmt":"2021-11-18T08:24:37","slug":"our-team","status":"publish","type":"page","link":"https:\/\/clubvet.com.tr\/en\/our-hospital\/our-team\/","title":{"rendered":"Our Team"},"content":{"rendered":"<div class=\"wpb-content-wrapper\"><p>[vc_row][vc_column width=&#8221;1\/4&#8243;][vc_single_image image=&#8221;1747&#8243; img_size=&#8221;full&#8221; alignment=&#8221;center&#8221; style=&#8221;vc_box_circle&#8221;][\/vc_column][vc_column width=&#8221;3\/4&#8243;][vc_column_text]<\/p>\n<h4>G\u00fcltekin K\u00fclek\u00e7i<\/h4>\n<h6><span style=\"color: #888888;\">Veterinary Physician<\/span><\/h6>\n<p><strong>Our Founding Veterinarian<\/strong>. Veterinary Physician G\u00fcltekin K\u00fclek\u00e7i graduated from Istanbul University, Department of Veterinary Medicine in 2002. After completing his undergraduate studies and laying the foundations of his professional career through many animal hospitals in Istanbul, he opened Clubvet Veterinary Clinic in Istanbul \u00c7ekmek\u00f6y aimed at serving animal lovers. G\u00fcltekin K\u00fclek\u00e7i believes in the importance of conscious animal education; and develops a strong relationship with its patients and customers.<\/p>\n<p>Special veterinary interests include soft tissue surgery and wound healing. His studies on Feline Infectious Peritonitis, the dread of all cats, is still ongoing.<\/p>\n<p>When not practicing veterinary medicine, she enjoys travelling, live music, fitness and hiking. He owns a Kangal Shepard Dog, German Shepherd, Pekingese, Yorkshire Terrier, Scottish Fold cats and rabbits, while taking special care of 10 forest dogs around his home.[\/vc_column_text][\/vc_column][\/vc_row][vc_row css=&#8221;.vc_custom_1556390996429{margin-top: 0px !important;padding-top: 60px !important;}&#8221;][vc_column width=&#8221;1\/4&#8243;][vc_single_image image=&#8221;1753&#8243; img_size=&#8221;full&#8221; alignment=&#8221;center&#8221; style=&#8221;vc_box_circle&#8221;][\/vc_column][vc_column width=&#8221;3\/4&#8243;][vc_column_text]<\/p>\n<h4>P\u0131nar Yal\u0131m K\u00fclek\u00e7i<\/h4>\n<h6><span style=\"color: #888888;\">Veterinary Physician<\/span><\/h6>\n<p>P\u0131nar Yal\u0131m K\u00fclek\u00e7i graduated from Istanbul University Veterinary Faculty in 2001. After graduation, she worked in the medical sector for 1.5 years, but wasn&#8217;t happy as she loved medicine. So she left her job, gained experience though an internship in Istanbul clinics for 3 years, and established the Clubvet Veterinary Polyclinic with her husband G\u00fcltekin at the end of 2004. Since its establishment, they have developed themselves both professionally and clinically and laid the foundations of today&#8217;s Clubvet Animal Hospital. During this time, they had three daughters, Zeynep, Zeren and Beren. Apart from the stray animals they keep in the Hospital, they also have two cats named Aslan and Fllyp in their home, and a dog named Kahve that they rescued from the street.[\/vc_column_text][\/vc_column][\/vc_row][vc_row css=&#8221;.vc_custom_1556649885558{margin-top: 0px !important;margin-bottom: 0px !important;padding-top: 60px !important;padding-bottom: 60px !important;}&#8221;][vc_column width=&#8221;1\/4&#8243;][vc_single_image image=&#8221;1739&#8243; img_size=&#8221;full&#8221; alignment=&#8221;center&#8221; style=&#8221;vc_box_circle&#8221;][\/vc_column][vc_column width=&#8221;3\/4&#8243;][vc_column_text]<\/p>\n<h4>Ethem Mutlu Temizel<\/h4>\n<h6><span style=\"color: #888888;\">Professor<\/span><\/h6>\n<p>Professor Ethem Mutlu Temizel, completed his primary and secondary education in the Soma district of Manisa, graduating from Bursa Uluda\u011f University Veterinary Faculty in 2000. After completing his doctorate education in Bursa Department of Internal Medicine from Uluda\u011f University Institute of Health Sciences in 2005 where he worked as Assistant Professor till 2011. In 2012 he was awared with the title, Associate Professor. In 2013-2015, he worked as an invited lecturer at Kyrgyz-Turkish Manas University in Bishkek, Kyrgyzstan, taking part in Educational activities at the Faculty of Veterinary Medicine at Near East University for half a term in 2015-2016. Professor Temizel, who has numerous scientific studies and projects in national and international journals, received the title of Professor in December 2020. He is currently working as a faculty member and head of the Department of Internal Medicine, Faculty of Veterinary Medicine, Bursa Uludag University.[\/vc_column_text][\/vc_column][\/vc_row][vc_row css=&#8221;.vc_custom_1556390996429{margin-top: 0px !important;padding-top: 60px !important;}&#8221;][vc_column width=&#8221;1\/4&#8243;][vc_single_image image=&#8221;1751&#8243; img_size=&#8221;full&#8221; alignment=&#8221;center&#8221; style=&#8221;vc_box_circle&#8221;][\/vc_column][vc_column width=&#8221;3\/4&#8243;][vc_column_text]<\/p>\n<h4>Muhammed G\u00fcney<\/h4>\n<h6><span style=\"color: #888888;\">Veterinary Physician<\/span><\/h6>\n<p>Muhammet G\u00fcney was born in Sivas Cumhuriyet in 1992 and moved to Istanbul in 2017. After completing his primary and secondary education in Istanbul, he was was accepted into the Faculty of Veterinary Medicine at Cumhuriyet University in 2011. After graduation, he worked on poultry health and breeding for 1.5 years. He joined the Clubvet family in June 2018.<\/p>\n<p>Muhammed G\u00fcney interests include nature sports, while being an avid mountain biker. He has also been awarded with a disaster volunteer certificate, issued by AFAD.<\/p>\n<p>He attends various conferences, seminars and training activities organized in order to increase its professional knowledge and skills and to keep itself up to date with new and current veterinary standards and practices. In this regard, he participated in many activities organized by the Small Animal Medicine Association, the Clinician Veterinarians Association and the Istanbul Chamber of Veterinarians. Muhammed G\u00fcney also looks afet a stray cat, whom he named S\u00fcrmeli.[\/vc_column_text][\/vc_column][\/vc_row][vc_row css=&#8221;.vc_custom_1556390996429{margin-top: 0px !important;padding-top: 60px !important;}&#8221;][vc_column width=&#8221;1\/4&#8243;][vc_single_image image=&#8221;1741&#8243; img_size=&#8221;full&#8221; alignment=&#8221;center&#8221; style=&#8221;vc_box_circle&#8221;][\/vc_column][vc_column width=&#8221;3\/4&#8243;][vc_column_text]<\/p>\n<h4>F\u0131rat Tan<\/h4>\n<h6><span style=\"color: #888888;\">Veterinary Physician<\/span><\/h6>\n<p>F\u0131rat Tan has been a veterinary physician with Clubvet since 2019. He graduated from \u00c7ekmek\u00f6y Mehmet\u00e7ik High School in 2010, was offered a place to the Faculty of Veterinary Medicine at Kafkas University in 2011 and completed his education in 2017. Soft tissue surgery and ophthalmology are among the areas of interest of F\u0131rat Tan, who has a master&#8217;s degree in surgery. His hobbies include playing football, learning to play new instruments, and camping. He has a cat and three turtle companions at home.<br \/>\n[\/vc_column_text][\/vc_column][\/vc_row][vc_row css=&#8221;.vc_custom_1556390996429{margin-top: 0px !important;padding-top: 60px !important;}&#8221;][vc_column width=&#8221;1\/4&#8243;][vc_single_image image=&#8221;1749&#8243; img_size=&#8221;full&#8221; alignment=&#8221;center&#8221; style=&#8221;vc_box_circle&#8221;][\/vc_column][vc_column width=&#8221;3\/4&#8243;][vc_column_text]<\/p>\n<h4>H\u00fcseyin Burak<\/h4>\n<h6><span style=\"color: #888888;\">Veterinary Physician<\/span><\/h6>\n<p>H\u00fcseyin Burak, has been working with us as a Veterinary Physician since March 2021. Graduating from Fo\u00e7a Reha Midilli Anatolian High School and Uluda\u011f University Faculty of Veterinary Medicine, he continued his veterinary education at Aristotle University (Greece) as an exchange student in 2019. He joined Uluda\u011f University Mountaineering Club in 2016 and enjoys climbing. He has a cat named Meru and a dog named Shiva, with interests in behavioral disorders and clinical psychology.[\/vc_column_text][\/vc_column][\/vc_row][vc_row css=&#8221;.vc_custom_1556390996429{margin-top: 0px !important;padding-top: 60px !important;}&#8221;][vc_column width=&#8221;1\/4&#8243;][vc_single_image image=&#8221;1755&#8243; img_size=&#8221;full&#8221; alignment=&#8221;center&#8221; style=&#8221;vc_box_circle&#8221;][\/vc_column][vc_column width=&#8221;3\/4&#8243;][vc_column_text]<\/p>\n<h4>Rabia A\u011far<\/h4>\n<h6><span style=\"color: #888888;\">Veterinary Physician<\/span><\/h6>\n<p>He was born in 1996 in Kad\u0131k\u00f6y. Since her childhood, has always loved animals and decided early on to become a veterinary physician. She graduated from Selimiye Agriculture Anatolian High School under the Animal Health Department in 2014. Rabia A\u011far, graduated from Istanbul University Faculty of Veterinary Medicine in 2021, and joined the Clubvet family in July.<br \/>\nHer interests and hobbies are art, and she loves also loves to read.[\/vc_column_text][\/vc_column][\/vc_row][vc_row css=&#8221;.vc_custom_1556390996429{margin-top: 0px !important;padding-top: 60px !important;}&#8221;][vc_column width=&#8221;1\/4&#8243;][vc_single_image image=&#8221;1729&#8243; img_size=&#8221;full&#8221; alignment=&#8221;center&#8221; style=&#8221;vc_box_circle&#8221;][\/vc_column][vc_column width=&#8221;3\/4&#8243;][vc_column_text]<\/p>\n<h4>Aleyna Keskin<\/h4>\n<h6><span style=\"color: #888888;\">Veterinary Physician<\/span><\/h6>\n<p>Aleyna Keskin, one of our veterinary physicians, applied to our clinic for the first time in 2019 to do her internship. She did his summer internships in our hospital for 2 years and after completing her education, started to work in our hospital as of 2021. She graduated from Mustafa Saffet Anatolian High School (2012-2013), Private Final High School (2014-2015) and Burdur Mehmet Akif Ersoy University, Faculty of Veterinary Medicine (2016-2021). She played for professionally for the Girls&#8217; Volleyball Team at Mehmet Akif Ersoy University, Faculty of Veterinary Medicine for 5 years. In her spare time, he enjoys reading and traveling. She has a dog named Kahve and a cat named Ey\u015fan, has a thesis and an article on the subject of Feline Calicivirus.[\/vc_column_text][\/vc_column][\/vc_row][vc_row css=&#8221;.vc_custom_1556390996429{margin-top: 0px !important;padding-top: 60px !important;}&#8221;][vc_column width=&#8221;1\/4&#8243;][vc_single_image image=&#8221;1743&#8243; img_size=&#8221;full&#8221; alignment=&#8221;center&#8221; style=&#8221;vc_box_circle&#8221;][\/vc_column][vc_column width=&#8221;3\/4&#8243;][vc_column_text]<\/p>\n<h4>Furkan Kerem \u00d6zyurt<\/h4>\n<h6><span style=\"color: #666666;\">Veterinary Physician<\/span><\/h6>\n<p>Furkan Kerem \u00d6zyurt, is one of out one of our veterinary physicians, who has been working with us since July 2021. He graduated from \u00c7aycuma Anatolian Teacher High School and F\u0131rat University, Faculty of Veterinary Medicine. He was an active football referee between 2013-2020. He is also a licensed chess player. He is also interested in the field of exotic veterinary diseases.[\/vc_column_text][\/vc_column][\/vc_row][vc_row css=&#8221;.vc_custom_1556390996429{margin-top: 0px !important;padding-top: 60px !important;}&#8221;][vc_column width=&#8221;1\/4&#8243;][vc_single_image image=&#8221;1731&#8243; img_size=&#8221;full&#8221; alignment=&#8221;center&#8221; style=&#8221;vc_box_circle&#8221;][\/vc_column][vc_column width=&#8221;3\/4&#8243;][vc_column_text]<\/p>\n<h4>Ali Caner<\/h4>\n<h6><span style=\"color: #888888;\">Veterinary Physician<\/span><\/h6>\n<p>I was born in Malatya on 15.02.1997. I studied at primary school, middle school, turkish aviation institution, gazi primary school. I finished sadiye unsalan high school. He graduated from the Veterinary Faculty of F\u0131rat University in 2021.[\/vc_column_text][\/vc_column][\/vc_row][vc_row css=&#8221;.vc_custom_1556649885558{margin-top: 0px !important;margin-bottom: 0px !important;padding-top: 60px !important;padding-bottom: 60px !important;}&#8221;][vc_column width=&#8221;1\/4&#8243;][vc_single_image image=&#8221;1735&#8243; img_size=&#8221;full&#8221; alignment=&#8221;center&#8221; style=&#8221;vc_box_circle&#8221;][\/vc_column][vc_column width=&#8221;3\/4&#8243;][vc_column_text]<\/p>\n<h4>Ekin Av\u015far<\/h4>\n<h6><span style=\"color: #888888;\">Veterinary Technician<\/span><\/h6>\n<p>Ekin Av\u015far completed her high school education at Asiye A\u011fao\u011flu Anatolian High School and completed his associate degree at Uluda\u011f University and earned the title of Veterinary Health Technician.<\/p>\n<p>He works in many fields, especially in intensive care unit witin our hospital. Today he utilizes his knowledge from the many years of loving animals, enabling him to practice his profession with passion. Every living thing that he contributes to in his treatment and helps helps him appriciate his life and his career everyday.[\/vc_column_text][\/vc_column][\/vc_row][vc_row css=&#8221;.vc_custom_1556649885558{margin-top: 0px !important;margin-bottom: 0px !important;padding-top: 60px !important;padding-bottom: 60px !important;}&#8221;][vc_column width=&#8221;1\/4&#8243;][vc_single_image image=&#8221;1759&#8243; img_size=&#8221;full&#8221; alignment=&#8221;center&#8221; style=&#8221;vc_box_circle&#8221;][\/vc_column][vc_column width=&#8221;3\/4&#8243;][vc_column_text]<\/p>\n<h4>Serkan \u00d6zen<\/h4>\n<h6><span style=\"color: #888888;\">Veterinary Technician<\/span><\/h6>\n<p>Serkan \u00d6zen graduated from \u00dcsk\u00fcdar Selimiye Vocational and Technical Anatolian High School in 2019 and entered his professional life directly after completing his high school education. He has received all his internships and experience from the pet industry, and became a member of the Clubvet family in 2020. In our hospital, he continues his work diligently in vaccine follow-up, drug follow-up, examination assistant and laboratory staff. He who grew up with a passion for football, continues to play football at whenever he can and continues to engage in social activities such as professional skating, cycling touring and swimming. His love for animals began since his childhood, and he&#8217;s dedicated to creating a happy, healthy and good living comfort for his patients and to strengthening the bond between people and animals.[\/vc_column_text][\/vc_column][\/vc_row][vc_row css=&#8221;.vc_custom_1556390996429{margin-top: 0px !important;padding-top: 60px !important;}&#8221;][vc_column width=&#8221;1\/4&#8243;][vc_single_image image=&#8221;1829&#8243; img_size=&#8221;full&#8221; alignment=&#8221;center&#8221; style=&#8221;vc_box_circle&#8221;][\/vc_column][vc_column width=&#8221;3\/4&#8243;][vc_column_text]<\/p>\n<h4>Halil \u0130brahim \u00dcst\u00fcn<\/h4>\n<h6><span style=\"color: #888888;\">Veterinary Technician<\/span><\/h6>\n<p>Halil \u0130brahim \u00dcst\u00fcn was born on 15.07.1999 in Istanbul. He graduated from high school in 2018, with a focus on science. He started off at university under the dental prosthesis department, but soon realized that the work environment we call dental prosthesis was not for him, so he decided to refocus career outlook. He started working at pet shop as he loved animals. But soon felt this was insufficient, so began his his second university degree, placed at Istanbul University, Veterinary Laboratory Department in order to improve knowledge for pet care. While trying to improve himself he met and became part of the Clubvet family. &#8220;I believe that I will reach my dreams with a very sincere business environment on this road that I follow step by step in pursuit of my dreams.&#8221;[\/vc_column_text][\/vc_column][\/vc_row][vc_row css=&#8221;.vc_custom_1556649885558{margin-top: 0px !important;margin-bottom: 0px !important;padding-top: 60px !important;padding-bottom: 60px !important;}&#8221;][vc_column width=&#8221;1\/4&#8243;][vc_single_image image=&#8221;1737&#8243; img_size=&#8221;full&#8221; alignment=&#8221;center&#8221; style=&#8221;vc_box_circle&#8221;][\/vc_column][vc_column width=&#8221;3\/4&#8243;][vc_column_text]<\/p>\n<h4>Elif \u00d6zg\u00fcner<\/h4>\n<h6><span style=\"color: #888888;\">Veterinary Technician<\/span><\/h6>\n<p>Elif \u00d6zg\u00fcner graduated from the Department of Geography of Sakarya University, but in order to get a bachelor&#8217;s degree, she registered in &#8220;Business and Veterinary Health&#8221; with the right to pass without examination to her undergraduate education. At the same time, she worked voluntarily in \u00dcsk\u00fcdar Municipality Little Friends Clinic. Afterwards, Elif \u00d6zg\u00fcner, who now had 7 months of experience in Vet\u00fcsk\u00fcdar Veterinary Clinic, joined Clubvet Animal Hospital in April 2021. She continues her career with Clubvet as an intensive care nurse.[\/vc_column_text][\/vc_column][\/vc_row][vc_row css=&#8221;.vc_custom_1556649885558{margin-top: 0px !important;margin-bottom: 0px !important;padding-top: 60px !important;padding-bottom: 60px !important;}&#8221;][vc_column width=&#8221;1\/4&#8243;][vc_single_image image=&#8221;1745&#8243; img_size=&#8221;full&#8221; alignment=&#8221;center&#8221; style=&#8221;vc_box_circle&#8221;][\/vc_column][vc_column width=&#8221;3\/4&#8243;][vc_column_text]<\/p>\n<h4>G\u00f6khan Lafc\u0131<\/h4>\n<h6><span style=\"color: #888888;\">Veterinary Technician<\/span><\/h6>\n<p>Selimiye Vocational and Technical Anatolian High School (2019) Veterinary Health Technician G\u00f6khan Lafc\u0131 was born in 2001 in Samsun. He graduated from \u00dcsk\u00fcdar Selimiye Vocational and Technical Anatolian High School in 2019. With his assertiveness and unique personality, he atteneded at Selimiye Veterinary Health High School and was introduced to the Clubvet family with the advice of his teachers. In particular, G\u00f6khan Lafc\u0131, who has a strong dialogue and good customer relations, chooses to develop himself further in this field. In addition to this, he carries out the duties of vaccination follow-up, drug follow-up and examination assistant diligently in our hospital. He continues with his education, and is now in his second year in the Laboratory at Veterinary Health Department of Istanbul University. He is currently still a grade student. G\u00f6khan Lafc\u0131 has been involved with animals from a young age. He has three cats named RAGNAR, H\u00dcRREM and T\u00dcRKAN after him.[\/vc_column_text][\/vc_column][\/vc_row][vc_row css=&#8221;.vc_custom_1556649885558{margin-top: 0px !important;margin-bottom: 0px !important;padding-top: 60px !important;padding-bottom: 60px !important;}&#8221;][vc_column width=&#8221;1\/4&#8243;][vc_single_image image=&#8221;1757&#8243; img_size=&#8221;full&#8221; alignment=&#8221;center&#8221; style=&#8221;vc_box_circle&#8221;][\/vc_column][vc_column width=&#8221;3\/4&#8243;][vc_column_text]<\/p>\n<h4>Sena Can<\/h4>\n<h6><span style=\"color: #888888;\">Consultant<\/span><\/h6>\n<p>He was born in Istanbul. He graduated from Kocaeli University MYO Mechanical and Anadolu University Occupational Health and Safety departments. She has a cat named Badem and has been working as a volunteer for stray animals for many years. She has been the IBB Local Animal Protection officer for the over a year.[\/vc_column_text][\/vc_column][\/vc_row][vc_row css=&#8221;.vc_custom_1556649885558{margin-top: 0px !important;margin-bottom: 0px !important;padding-top: 60px !important;padding-bottom: 60px !important;}&#8221;][vc_column width=&#8221;1\/4&#8243;][vc_single_image image=&#8221;1761&#8243; img_size=&#8221;full&#8221; alignment=&#8221;center&#8221; style=&#8221;vc_box_circle&#8221;][\/vc_column][vc_column width=&#8221;3\/4&#8243;][vc_column_text]<\/p>\n<h4>\u00dcnal Kaymaz<\/h4>\n<h6><span style=\"color: #888888;\">Consultant<\/span><\/h6>\n<p>\u00dcnal Kaymaz joined the Clubvet family in 2019. He continues to work in the Clubvet family in patient admissions security technical staff. He has 1 cat, 2 budgerigars and fish. He has made it a principle to take part in various social responsibility projects and regularly helps to feed stray animals. He believes that the basis of human existence are animals and that they should be entitled to the same quality of life as people.[\/vc_column_text][\/vc_column][\/vc_row][vc_row css=&#8221;.vc_custom_1556649885558{margin-top: 0px !important;margin-bottom: 0px !important;padding-top: 60px !important;padding-bottom: 60px !important;}&#8221;][vc_column width=&#8221;1\/4&#8243;][vc_single_image image=&#8221;1733&#8243; img_size=&#8221;full&#8221; alignment=&#8221;center&#8221; style=&#8221;vc_box_circle&#8221;][\/vc_column][vc_column width=&#8221;3\/4&#8243;][vc_column_text]<\/p>\n<h4>Bet\u00fcl Bayav<\/h4>\n<h6><span style=\"color: #888888;\">Accounting<\/span><\/h6>\n<p>Bet\u00fcl Bayav was born in Istanbul in 1982, has been working as an accountant at Clubvet for the last 8 years in her 20-year working career. She enjoys theater, reading, hiking and has a deep love for animals. Bet\u00fcl Bayav is both a good listener and motivates the Clubvet atmosphere with her outgoing, pleasant persona.[\/vc_column_text][\/vc_column][\/vc_row][vc_row css=&#8221;.vc_custom_1556649885558{margin-top: 0px !important;margin-bottom: 0px !important;padding-top: 60px !important;padding-bottom: 60px !important;}&#8221;][vc_column width=&#8221;1\/4&#8243;][vc_single_image image=&#8221;1727&#8243; img_size=&#8221;full&#8221; alignment=&#8221;center&#8221; style=&#8221;vc_box_circle&#8221;][\/vc_column][vc_column width=&#8221;3\/4&#8243;][vc_column_text]<\/p>\n<h4>Abdullah \u00d6zer<\/h4>\n<h6><span style=\"color: #888888;\">E-Commerce<\/span><\/h6>\n<p>Born in Kad\u0131k\u00f6y in 1999, Evliya \u00c7elebi graduated from the Informatics Department of Vocational and Technical Anatolian High School. He completed his high school internship at LG Technical Service and completed his internship with his successful and disciplined work in the internship, beginning his business career there. After working here for a while, he decieded return to education and graduated from Do\u011fu\u015f University Computer Programming Department. Abdullah \u00d6zer excels with telephone and computer equipment. He is proficient in Office programs and has first-level knowledge in C# and C++ programming languages as well as HTML markup language.<\/p>\n<p>Abdullah \u00d6zer primarily deals with e-commerce, web design and social media under our Petshopum brand. In addition to his main job, he also deals with hardware and software problems in the company. He also devotes time to sports, regularly playing football and basketball. Mr. \u00d6zer is a licensed chess player and participates in activities such as swimming and cycling tours.[\/vc_column_text][\/vc_column][\/vc_row]<\/p>\n<\/div>","protected":false},"excerpt":{"rendered":"<p>[vc_row][vc_column width=&#8221;1\/4&#8243;][vc_single_image image=&#8221;1747&#8243; img_size=&#8221;full&#8221; alignment=&#8221;center&#8221; style=&#8221;vc_box_circle&#8221;][\/vc_column][vc_column width=&#8221;3\/4&#8243;][vc_column_text] G\u00fcltekin K\u00fclek\u00e7i Veterinary Physician Our Founding Veterinarian. Veterinary Physician G\u00fcltekin K\u00fclek\u00e7i graduated from Istanbul University, Department of Veterinary Medicine in 2002. After completing [&hellip;]<\/p>\n","protected":false},"author":1,"featured_media":2770,"parent":2170,"menu_order":20,"comment_status":"closed","ping_status":"closed","template":"page-transparent-menu.php","meta":{"footnotes":""},"class_list":["post-2177","page","type-page","status-publish","has-post-thumbnail","hentry","has_thumb",null],"_links":{"self":[{"href":"https:\/\/clubvet.com.tr\/en\/wp-json\/wp\/v2\/pages\/2177","targetHints":{"allow":["GET"]}}],"collection":[{"href":"https:\/\/clubvet.com.tr\/en\/wp-json\/wp\/v2\/pages"}],"about":[{"href":"https:\/\/clubvet.com.tr\/en\/wp-json\/wp\/v2\/types\/page"}],"author":[{"embeddable":true,"href":"https:\/\/clubvet.com.tr\/en\/wp-json\/wp\/v2\/users\/1"}],"replies":[{"embeddable":true,"href":"https:\/\/clubvet.com.tr\/en\/wp-json\/wp\/v2\/comments?post=2177"}],"version-history":[{"count":21,"href":"https:\/\/clubvet.com.tr\/en\/wp-json\/wp\/v2\/pages\/2177\/revisions"}],"predecessor-version":[{"id":3410,"href":"https:\/\/clubvet.com.tr\/en\/wp-json\/wp\/v2\/pages\/2177\/revisions\/3410"}],"up":[{"embeddable":true,"href":"https:\/\/clubvet.com.tr\/en\/wp-json\/wp\/v2\/pages\/2170"}],"wp:featuredmedia":[{"embeddable":true,"href":"https:\/\/clubvet.com.tr\/en\/wp-json\/wp\/v2\/media\/2770"}],"wp:attachment":[{"href":"https:\/\/clubvet.com.tr\/en\/wp-json\/wp\/v2\/media?parent=2177"}],"curies":[{"name":"wp","href":"https:\/\/api.w.org\/{rel}","templated":true}]}}