{"id":2188,"date":"2021-10-26T13:06:22","date_gmt":"2021-10-26T10:06:22","guid":{"rendered":"https:\/\/clubvet.com.tr\/our-hospital\/reviews\/"},"modified":"2022-02-21T11:46:10","modified_gmt":"2022-02-21T08:46:10","slug":"reviews","status":"publish","type":"page","link":"https:\/\/clubvet.com.tr\/en\/our-hospital\/reviews\/","title":{"rendered":"Reviews"},"content":{"rendered":"<div class=\"wpb-content-wrapper\"><p>[vc_row][vc_column width=&#8221;2\/3&#8243;][vc_column_text]We value our customers&#8217; experience at Clubvet Animal Hospital. If your pet or animal is currently with us, please feel free to visit or call us to find out how your companion is doing. If you would like to make an appointment, please click the link below and follow the relevant instructions. Thank you.<\/p>\n<p><a style=\"text-transform: uppercase; text-decoration: none; background: #1da1f2; background-color: #1da1f2; color: #ffffff; padding: 10px 25px; border: none;\" href=\"https:\/\/apptest.vetogle.com\/clubvet1\" rel=\"nofollow noopener\" target=\"_blank\">APPOINTMENTS<\/a><\/p>\n<p><strong>ClubVet Veterinary Team<\/strong>[\/vc_column_text][\/vc_column][vc_column width=&#8221;1\/3&#8243; css=&#8221;.vc_custom_1557236420220{padding-right: 0px !important;}&#8221;][vc_single_image image=&#8221;1883&#8243; img_size=&#8221;full&#8221; alignment=&#8221;center&#8221;][\/vc_column][\/vc_row][vc_row css=&#8221;.vc_custom_1556649708444{background-color: #f7f7f7 !important;}&#8221;][vc_column]<div class=\"carousel single wpb_content_element pagedots-true flickity-carousel  item-count-1\" data-flickity='{ \"adaptiveHeight\": false, \"pageDots\": true, \"prevNextButtons\": false, \"groupCells\": false, \"contain\" : true, \"cellAlign\": \"left\", \"imagesLoaded\": true, \"setGallerySize\": true, \"autoPlay\": 4000 }'>\n<div class=\"ozy-caroseul_item testimonial carousel-cell \">\n<div class=\"testimonial\">\n<p class=\"content-color testimonial-quote heading-font\">6 y\u0131ld\u0131r geldi\u011fimiz kendi kedilerimiz ve sokak hayvanlar\u0131 ile ilgili tutumlar\u0131 sebebiyle ilk tercihimiz her zaman clubvet t\u00fcm ekibiyle her zaman ilk tercihimiz iyi ki vars\u0131n\u0131z \ud83d\ude0a<\/p>\n<span class=\"testimonial-author content-font-family\">Kumriye Koci<\/span>\n<\/div>\n<\/div>\n\n<div class=\"ozy-caroseul_item testimonial carousel-cell \">\n<div class=\"testimonial\">\n<p class=\"content-color testimonial-quote heading-font\">G\u00fcvenilir hekimleri , g\u00fcler y\u00fczl\u00fc \u00e7al\u0131\u015fanlar\u0131 ve teknolojik hizmetleri ile m\u00fckemmel bir ortam. Her \u015fey i\u00e7in te\u015fekk\u00fcrler\ud83d\ude4f<\/p>\n<span class=\"testimonial-author content-font-family\">Ozgur Celebi<\/span>\n<\/div>\n<\/div>\n\n<div class=\"ozy-caroseul_item testimonial carousel-cell \">\n<div class=\"testimonial\">\n<p class=\"content-color testimonial-quote heading-font\">\u00c7ok ilgili ve g\u00fclery\u00fczl\u00fc personeli olan bir klinik . can\u0131m\u0131z kedimiz bugiyi g\u00f6z\u00fc kapal\u0131 emanet ediyorum. Her muayenesi , do\u011fumu ,a\u015f\u0131s\u0131, k\u0131s\u0131rla\u015ft\u0131rmas\u0131n\u0131 G\u00f6khan bey ve seyda han\u0131m \u00f6zenle takip ettiler ve bilgi verdiler . B\u00f6yle g\u00fczel insanlar tan\u0131d\u0131\u011f\u0131m\u0131z i\u00e7in \u015fansl\u0131y\u0131z ..\ud83d\ude3b<\/p>\n<span class=\"testimonial-author content-font-family\">Ayse Altunhan<\/span>\n<\/div>\n<\/div>\n<\/div>[\/vc_column][\/vc_row][vc_row css=&#8221;.vc_custom_1556649674383{margin-bottom: 0px !important;padding-bottom: 60px !important;}&#8221;][vc_column]\r\n\t\t\t\t<div class=\"ozy-testimonial-quote group   left\" >\r\n\t\t\t\t\t<span class=\"img-wrapper\" class=\"shared-border-color\" style=\"background-image:url(https:\/\/i0.wp.com\/clubvet.com.tr\/wp-content\/uploads\/2021\/10\/reviews-1.png?fit=641%2C641&#038;ssl=1)\">&nbsp;<\/span>\r\n\t\t\t\t\t<div class=\"ozy-quote-container has_image\">\r\n\t\t\t\t\t\t<blockquote>\r\n\t\t\t\t\t\t\t<p class=\"heading-font-family\" >Their interest in the animals and the relevance they put on the situation is extremely good&#8230; Today we took our dog who had a breathing problem. Like a private hospital, he was taken to the emergency room immediately, after the analysis of the x-rays, Clubvet kept and host our dog for 2 days. Thank you P\u0131nar &amp; G\u00fcltekin and all the Clubvet Family&#8230;<\/p>\r\n\t\t\t\t\t\t<\/blockquote>  \r\n\t\t\t\t\t\t<cite><span>Sena Ok<\/span><br>\r\n\t\t\t\t\t\t\t\r\n\t\t\t\t\t\t\t\r\n\t\t\t\t\t\t<\/cite>\r\n\t\t\t\t\t<\/div>\r\n\t\t\t\t\t\r\n\t\t\t\t<\/div>[vc_separator css=&#8221;.vc_custom_1556649529784{padding-top: 40px !important;}&#8221;]\r\n\t\t\t\t<div class=\"ozy-testimonial-quote group   right\" >\r\n\t\t\t\t\t\r\n\t\t\t\t\t<div class=\"ozy-quote-container has_image\">\r\n\t\t\t\t\t\t<blockquote>\r\n\t\t\t\t\t\t\t<p class=\"heading-font-family\" >This is a veterinary hospital I go to regularly. The relevance and interest Mr. G\u00f6khan and Mrs. Hazal put on the animals is fantastic. They are very professional, friendly people, thank you very much, you can trust them with your pets blindly and have them treated \u263a\ufe0f\u263a\ufe0f<\/p>\r\n\t\t\t\t\t\t<\/blockquote>  \r\n\t\t\t\t\t\t<cite><span>Muammer Sahinbas<\/span><br>\r\n\t\t\t\t\t\t\t\r\n\t\t\t\t\t\t\t\r\n\t\t\t\t\t\t<\/cite>\r\n\t\t\t\t\t<\/div>\r\n\t\t\t\t\t<span class=\"img-wrapper\" class=\"shared-border-color\" style=\"background-image:url(https:\/\/i0.wp.com\/clubvet.com.tr\/wp-content\/uploads\/2021\/10\/reviews-2.png?fit=641%2C641&#038;ssl=1)\">&nbsp;<\/span>\r\n\t\t\t\t<\/div>[vc_separator css=&#8221;.vc_custom_1556649529784{padding-top: 40px !important;}&#8221;]\r\n\t\t\t\t<div class=\"ozy-testimonial-quote group   left\" >\r\n\t\t\t\t\t<span class=\"img-wrapper\" class=\"shared-border-color\" style=\"background-image:url(https:\/\/i0.wp.com\/clubvet.com.tr\/wp-content\/uploads\/2021\/10\/reviews-3.png?fit=641%2C641&#038;ssl=1)\">&nbsp;<\/span>\r\n\t\t\t\t\t<div class=\"ozy-quote-container has_image\">\r\n\t\t\t\t\t\t<blockquote>\r\n\t\t\t\t\t\t\t<p class=\"heading-font-family\" >Absolutely reliable, extremely prudent, a hospital team that looks after my pups as if they were their own puppies. They think and put the animals&#8217; health first&#8230; Do NOT give credit to negative the comments. We are very satisfied with our doctors. Good luck, Dr. Pinar, and good luck Clubvet.<\/p>\r\n\t\t\t\t\t\t<\/blockquote>  \r\n\t\t\t\t\t\t<cite><span>Buse Kaptanoglu<\/span><br>\r\n\t\t\t\t\t\t\t\r\n\t\t\t\t\t\t\t\r\n\t\t\t\t\t\t<\/cite>\r\n\t\t\t\t\t<\/div>\r\n\t\t\t\t\t\r\n\t\t\t\t<\/div>[vc_separator css=&#8221;.vc_custom_1556649529784{padding-top: 40px !important;}&#8221;]\r\n\t\t\t\t<div class=\"ozy-testimonial-quote group   right\" >\r\n\t\t\t\t\t\r\n\t\t\t\t\t<div class=\"ozy-quote-container has_image\">\r\n\t\t\t\t\t\t<blockquote>\r\n\t\t\t\t\t\t\t<p class=\"heading-font-family\" >A wonderfully caring and knowledgeable hospital. We would like to thank Enes for his ever smiling face and sweet words. For the first time, I met people in a hospital who I am sure care about my little baby as much as I do.<\/p>\r\n\t\t\t\t\t\t<\/blockquote>  \r\n\t\t\t\t\t\t<cite><span>Busra Catak<\/span><br>\r\n\t\t\t\t\t\t\t\r\n\t\t\t\t\t\t\t\r\n\t\t\t\t\t\t<\/cite>\r\n\t\t\t\t\t<\/div>\r\n\t\t\t\t\t<span class=\"img-wrapper\" class=\"shared-border-color\" style=\"background-image:url(https:\/\/i0.wp.com\/clubvet.com.tr\/wp-content\/uploads\/2021\/10\/reviews-4.png?fit=641%2C641&#038;ssl=1)\">&nbsp;<\/span>\r\n\t\t\t\t<\/div>[vc_separator css=&#8221;.vc_custom_1556649529784{padding-top: 40px !important;}&#8221;]\r\n\t\t\t\t<div class=\"ozy-testimonial-quote group   left\" >\r\n\t\t\t\t\t<span class=\"img-wrapper\" class=\"shared-border-color\" style=\"background-image:url(https:\/\/i0.wp.com\/clubvet.com.tr\/wp-content\/uploads\/2021\/10\/reviews-5.png?fit=641%2C641&#038;ssl=1)\">&nbsp;<\/span>\r\n\t\t\t\t\t<div class=\"ozy-quote-container has_image\">\r\n\t\t\t\t\t\t<blockquote>\r\n\t\t\t\t\t\t\t<p class=\"heading-font-family\" >One of the most sincere, caring and helpful veterinarians in Istanbul&#8230;<br \/>\nFor years, I&#8217;ve had all treatments and vaccinations of my 2 dogs and 1 cat be done by Clubvet. I try to take care of stray animals as much as I can, and they has always provided the necessary support and attention for them. Thank you Clubvet Veterinary Hospital \ud83d\ude42<\/p>\r\n\t\t\t\t\t\t<\/blockquote>  \r\n\t\t\t\t\t\t<cite><span>Kursat Eren<\/span><br>\r\n\t\t\t\t\t\t\t\r\n\t\t\t\t\t\t\t\r\n\t\t\t\t\t\t<\/cite>\r\n\t\t\t\t\t<\/div>\r\n\t\t\t\t\t\r\n\t\t\t\t<\/div>[vc_separator css=&#8221;.vc_custom_1556649529784{padding-top: 40px !important;}&#8221;]\r\n\t\t\t\t<div class=\"ozy-testimonial-quote group   right\" >\r\n\t\t\t\t\t\r\n\t\t\t\t\t<div class=\"ozy-quote-container has_image\">\r\n\t\t\t\t\t\t<blockquote>\r\n\t\t\t\t\t\t\t<p class=\"heading-font-family\" >ClupVet, which has very good and friendly employees, is a decent place with good people and quality customers, so of course there are always rotten apples. In order to call a place quality, an opposing view must be added to it. We see this in any negative comments. I invite you to this place that is open to everyone. Come and take a closer look. Have a nice day.<\/p>\r\n\t\t\t\t\t\t<\/blockquote>  \r\n\t\t\t\t\t\t<cite><span>Ali Haydar Canbal<\/span><br>\r\n\t\t\t\t\t\t\t\r\n\t\t\t\t\t\t\t\r\n\t\t\t\t\t\t<\/cite>\r\n\t\t\t\t\t<\/div>\r\n\t\t\t\t\t<span class=\"img-wrapper\" class=\"shared-border-color\" style=\"background-image:url(https:\/\/i0.wp.com\/clubvet.com.tr\/wp-content\/uploads\/2021\/10\/reviews-6.png?fit=641%2C641&#038;ssl=1)\">&nbsp;<\/span>\r\n\t\t\t\t<\/div>[vc_separator css=&#8221;.vc_custom_1556649529784{padding-top: 40px !important;}&#8221;]\r\n\t\t\t\t<div class=\"ozy-testimonial-quote group   left\" >\r\n\t\t\t\t\t<span class=\"img-wrapper\" class=\"shared-border-color\" style=\"background-image:url(https:\/\/i0.wp.com\/clubvet.com.tr\/wp-content\/uploads\/2021\/10\/reviews-7.png?fit=641%2C641&#038;ssl=1)\">&nbsp;<\/span>\r\n\t\t\t\t\t<div class=\"ozy-quote-container has_image\">\r\n\t\t\t\t\t\t<blockquote>\r\n\t\t\t\t\t\t\t<p class=\"heading-font-family\" >I would definitely recommend, a really reliable and professional team, especially veterinarian Enez, was extremely interested and kind and became the favorite for me and my cat, this is our only veterinary address from now on.<\/p>\r\n\t\t\t\t\t\t<\/blockquote>  \r\n\t\t\t\t\t\t<cite><span>Filiz Nine<\/span><br>\r\n\t\t\t\t\t\t\t\r\n\t\t\t\t\t\t\t\r\n\t\t\t\t\t\t<\/cite>\r\n\t\t\t\t\t<\/div>\r\n\t\t\t\t\t\r\n\t\t\t\t<\/div>[vc_separator css=&#8221;.vc_custom_1556649529784{padding-top: 40px !important;}&#8221;]\r\n\t\t\t\t<div class=\"ozy-testimonial-quote group   right\" >\r\n\t\t\t\t\t\r\n\t\t\t\t\t<div class=\"ozy-quote-container has_image\">\r\n\t\t\t\t\t\t<blockquote>\r\n\t\t\t\t\t\t\t<p class=\"heading-font-family\" >People like to bring down others when when they feel threatened&#8230; What a shame. A very successful and competent hospital \ud83d\udc4f the sun is not covered with mud \u2600\ufe0f &#8230; Don&#8217;t listen to any negative comments.<\/p>\r\n\t\t\t\t\t\t<\/blockquote>  \r\n\t\t\t\t\t\t<cite><span>Hymrs Krk<\/span><br>\r\n\t\t\t\t\t\t\t\r\n\t\t\t\t\t\t\t\r\n\t\t\t\t\t\t<\/cite>\r\n\t\t\t\t\t<\/div>\r\n\t\t\t\t\t<span class=\"img-wrapper\" class=\"shared-border-color\" style=\"background-image:url(https:\/\/i0.wp.com\/clubvet.com.tr\/wp-content\/uploads\/2021\/10\/reviews-8.png?fit=641%2C641&#038;ssl=1)\">&nbsp;<\/span>\r\n\t\t\t\t<\/div>[vc_separator css=&#8221;.vc_custom_1556649529784{padding-top: 40px !important;}&#8221;][\/vc_column][\/vc_row]<\/p>\n<\/div>","protected":false},"excerpt":{"rendered":"<p>[vc_row][vc_column width=&#8221;2\/3&#8243;][vc_column_text]We value our customers&#8217; experience at Clubvet Animal Hospital. If your pet or animal is currently with us, please feel free to visit or call us to find out [&hellip;]<\/p>\n","protected":false},"author":1,"featured_media":2764,"parent":2170,"menu_order":40,"comment_status":"closed","ping_status":"closed","template":"page-transparent-menu.php","meta":{"footnotes":""},"class_list":["post-2188","page","type-page","status-publish","has-post-thumbnail","hentry","has_thumb",null],"_links":{"self":[{"href":"https:\/\/clubvet.com.tr\/en\/wp-json\/wp\/v2\/pages\/2188","targetHints":{"allow":["GET"]}}],"collection":[{"href":"https:\/\/clubvet.com.tr\/en\/wp-json\/wp\/v2\/pages"}],"about":[{"href":"https:\/\/clubvet.com.tr\/en\/wp-json\/wp\/v2\/types\/page"}],"author":[{"embeddable":true,"href":"https:\/\/clubvet.com.tr\/en\/wp-json\/wp\/v2\/users\/1"}],"replies":[{"embeddable":true,"href":"https:\/\/clubvet.com.tr\/en\/wp-json\/wp\/v2\/comments?post=2188"}],"version-history":[{"count":5,"href":"https:\/\/clubvet.com.tr\/en\/wp-json\/wp\/v2\/pages\/2188\/revisions"}],"predecessor-version":[{"id":3535,"href":"https:\/\/clubvet.com.tr\/en\/wp-json\/wp\/v2\/pages\/2188\/revisions\/3535"}],"up":[{"embeddable":true,"href":"https:\/\/clubvet.com.tr\/en\/wp-json\/wp\/v2\/pages\/2170"}],"wp:featuredmedia":[{"embeddable":true,"href":"https:\/\/clubvet.com.tr\/en\/wp-json\/wp\/v2\/media\/2764"}],"wp:attachment":[{"href":"https:\/\/clubvet.com.tr\/en\/wp-json\/wp\/v2\/media?parent=2188"}],"curies":[{"name":"wp","href":"https:\/\/api.w.org\/{rel}","templated":true}]}}