{"id":2195,"date":"2021-10-26T13:45:12","date_gmt":"2021-10-26T10:45:12","guid":{"rendered":"https:\/\/clubvet.com.tr\/our-services\/home-food-service\/"},"modified":"2022-02-21T11:05:37","modified_gmt":"2022-02-21T08:05:37","slug":"home-food-service","status":"publish","type":"page","link":"https:\/\/clubvet.com.tr\/en\/our-services\/home-food-service\/","title":{"rendered":"Home Food Service"},"content":{"rendered":"<div class=\"wpb-content-wrapper\"><p>[vc_row][vc_column][vc_column_text]Eve d\u00f6nd\u00fc\u011f\u00fcn\u00fczde kedi mamas\u0131 almay\u0131 unuttu\u011funuzu farkettiniz ve tekrar \u00e7\u0131k\u0131p mama almak i\u00e7in yorucu bir g\u00fcn oldu. Veya i\u015flerinizden ve yo\u011funlu\u011funuzdan bir t\u00fcrl\u00fc s\u0131ra gelmiyor yada \u00e7ok <a style=\"color: #019fe6; text-decoration: underline;\" href=\"\/kedilerde-davranis-problemleri-tedavileri\/\" target=\"_blank\" rel=\"noopener noreferrer\">\u00fc\u015fenge\u00e7<\/a> birisiniz.<\/p>\n<p>Sizler i\u00e7in haftan\u0131n 7 g\u00fcn\u00fc eve mama teslimat\u0131 hizmeti sunmaktay\u0131z. Clubvet Veteriner Klini\u011fi\u2019nde her zaman taze maman\u0131z\u0131 bulabilirsiniz. Klini\u011fimizde kedi ve <a style=\"color: #019fe6; text-decoration: underline;\" href=\"https:\/\/tr.wikipedia.org\/wiki\/K%C3%B6pek\" target=\"_blank\" rel=\"noopener noreferrer nofollow\">k\u00f6pekler<\/a> i\u00e7in s\u00fcrekli sat\u0131\u015f oldu\u011fu i\u00e7in mamalar\u0131m\u0131z\u0131n tarihi ge\u00e7me gibi bir sorunu yoktur.<br \/>\nDepomuzda s\u00fcrekli bulundurdu\u011fumuz markalar\u0131m\u0131z[\/vc_column_text][vc_single_image image=&#8221;2839&#8243; img_size=&#8221;large&#8221;][vc_column_text]<\/p>\n<h4 style=\"color: #e5097f;\">Evine Mama Hizmeti Saatleri<\/h4>\n<p><span style=\"font-weight: bold;\">Saat 9:00 \u2013 17:00 aras\u0131 eve mama servisimiz bulunmaktad\u0131r.<\/span><\/p>\n<p><span style=\"font-weight: bold;\">Eve Mama Servisimiz yak\u0131n civarlara \u00fccretsiz olup, bulundu\u011funuz yere g\u00f6re k\u00fc\u00e7\u00fck bir teslimat \u00fccreti gerektirebilir.<\/span><\/p>\n<p>Yerel depomuzda \u00e7ok kaliteli evcil hayvan g\u0131da markalar\u0131 stoklamaktay\u0131z. Mamalar\u0131 evinize getirmemiz i\u00e7in bizi <a style=\"color: #019fe6; text-decoration: underline;\" href=\"tel:+005413135445\">0 541 313 5445<\/a>\u2018den arayarak yada whatsapp yoluyla sipari\u015finizi verebilirsiniz. Eve mama sipari\u015flerinizi, da\u011f\u0131t\u0131m arac\u0131m\u0131zla do\u011frudan m\u00fc\u015fterilerimizin kap\u0131lar\u0131na yada belirledikleri adrese g\u00f6nderiyoruz.<\/p>\n<p>Bir s\u0131k\u0131nt\u0131 oldu\u011funda yada hizmetimizi daha iyi verebilmemiz i\u00e7in \u00f6nerilerinizi duymaktan b\u00fcy\u00fck mutluluk duyar\u0131z.[\/vc_column_text][vc_gmaps link=&#8221;#E-8_JTNDaWZyYW1lJTIwc3JjJTNEJTIyaHR0cHMlM0ElMkYlMkZ3d3cuZ29vZ2xlLmNvbSUyRm1hcHMlMkZlbWJlZCUzRnBiJTNEJTIxMW0xNCUyMTFtOCUyMTFtMyUyMTFkMTIwNDIuMTk1NjU4MTY1MDY4JTIxMmQyOS4xODU3NzI1Njg2MjE2MjMlMjEzZDQxLjAxMzI0NTM3NjU0MDY0NSUyMTNtMiUyMTFpMTAyNCUyMTJpNzY4JTIxNGYxMy4xJTIxM20zJTIxMW0yJTIxMXMweDAlMjUzQTB4OTQxNDY1MjhiZTkzYTA0MCUyMTJzQ2x1YiUyNTIwVmV0JTI1MjBWZXRlcmluYXJ5JTI1MjBDbGluaWMlMjE1ZTAlMjEzbTIlMjExc2VuJTIxMnN0ciUyMTR2MTYzMzk1NDQzMjk1MCUyMTVtMiUyMTFzZW4lMjEyc3RyJTIyJTIwd2lkdGglM0QlMjI2MDAlMjIlMjBoZWlnaHQlM0QlMjI0NTAlMjIlMjBzdHlsZSUzRCUyMmJvcmRlciUzQTAlM0IlMjIlMjBhbGxvd2Z1bGxzY3JlZW4lM0QlMjIlMjIlMjBsb2FkaW5nJTNEJTIybGF6eSUyMiUzRSUzQyUyRmlmcmFtZSUzRQ==&#8221;][\/vc_column][\/vc_row][vc_row css=&#8221;.vc_custom_1557131401323{margin-bottom: 0px !important;padding-bottom: 40px !important;}&#8221;][vc_column]<div class=\"ozy-call-to-action-box \" style=\"background-image:url(https:\/\/i0.wp.com\/clubvet.com.tr\/wp-content\/uploads\/2019\/05\/shutterstock_140724100-min.jpg?fit=1920%2C1280&#038;ssl=1);height:350px\"><div class=\"shadow-wrapper\"><\/div><div class=\"overlay-wrapper\"><i class=\"oic-vethouse1-pets-hotel-symbol-with-a-dog-and-a-cat-in-a-circle-with-one-star\"><\/i><a href=\"https:\/\/apptest.vetogle.com\/clubvet1\" target=\"_blank\" rel=\"nofollow noopener\">MAKE AN APPOINTMENT<\/a><h2 class=\"h4-size\">THE BALANCE OF NATURE IS CONSERVED THROUGH ANIMALS <\/h2><span class=\"shared-border-color\"><\/span><h6>24\/7 SERVICE | SAME DAY APPOINTMENT<\/h6><\/div><\/div>[\/vc_column][\/vc_row]<\/p>\n<\/div>","protected":false},"excerpt":{"rendered":"<p>[vc_row][vc_column][vc_column_text]Eve d\u00f6nd\u00fc\u011f\u00fcn\u00fczde kedi mamas\u0131 almay\u0131 unuttu\u011funuzu farkettiniz ve tekrar \u00e7\u0131k\u0131p mama almak i\u00e7in yorucu bir g\u00fcn oldu. Veya i\u015flerinizden ve yo\u011funlu\u011funuzdan bir t\u00fcrl\u00fc s\u0131ra gelmiyor yada \u00e7ok \u00fc\u015fenge\u00e7 birisiniz. Sizler [&hellip;]<\/p>\n","protected":false},"author":1,"featured_media":2766,"parent":2171,"menu_order":100,"comment_status":"closed","ping_status":"closed","template":"page-transparent-menu.php","meta":{"footnotes":""},"class_list":["post-2195","page","type-page","status-publish","has-post-thumbnail","hentry","has_thumb",null],"_links":{"self":[{"href":"https:\/\/clubvet.com.tr\/en\/wp-json\/wp\/v2\/pages\/2195","targetHints":{"allow":["GET"]}}],"collection":[{"href":"https:\/\/clubvet.com.tr\/en\/wp-json\/wp\/v2\/pages"}],"about":[{"href":"https:\/\/clubvet.com.tr\/en\/wp-json\/wp\/v2\/types\/page"}],"author":[{"embeddable":true,"href":"https:\/\/clubvet.com.tr\/en\/wp-json\/wp\/v2\/users\/1"}],"replies":[{"embeddable":true,"href":"https:\/\/clubvet.com.tr\/en\/wp-json\/wp\/v2\/comments?post=2195"}],"version-history":[{"count":14,"href":"https:\/\/clubvet.com.tr\/en\/wp-json\/wp\/v2\/pages\/2195\/revisions"}],"predecessor-version":[{"id":3505,"href":"https:\/\/clubvet.com.tr\/en\/wp-json\/wp\/v2\/pages\/2195\/revisions\/3505"}],"up":[{"embeddable":true,"href":"https:\/\/clubvet.com.tr\/en\/wp-json\/wp\/v2\/pages\/2171"}],"wp:featuredmedia":[{"embeddable":true,"href":"https:\/\/clubvet.com.tr\/en\/wp-json\/wp\/v2\/media\/2766"}],"wp:attachment":[{"href":"https:\/\/clubvet.com.tr\/en\/wp-json\/wp\/v2\/media?parent=2195"}],"curies":[{"name":"wp","href":"https:\/\/api.w.org\/{rel}","templated":true}]}}