{"id":2212,"date":"2021-10-26T17:02:29","date_gmt":"2021-10-26T14:02:29","guid":{"rendered":"https:\/\/clubvet.com.tr\/our-services\/cat-dog-veterinary-dentistry\/"},"modified":"2022-02-21T11:04:55","modified_gmt":"2022-02-21T08:04:55","slug":"cat-dog-veterinary-dentistry","status":"publish","type":"page","link":"https:\/\/clubvet.com.tr\/en\/our-services\/cat-dog-veterinary-dentistry\/","title":{"rendered":"Cat \/ Dog Veterinary Dentistry"},"content":{"rendered":"<div class=\"wpb-content-wrapper\"><p>[vc_row][vc_column][vc_column_text]<\/p>\n<h4 style=\"color: #e5097f;\">Teeth Cleaning<\/h4>\n<p>Your dentist will probably call you for cleaning every six months or once a year depending on the condition of the tooth, while providing a periodic dental cleaning service that removes buildup from your pet&#8217;s tooth enamel. At Clubvet we recommend an annual cleaning, depending on the patient. In addition to the Digital X-ray cleaning procedure, digital X-rays can be used to detect if your pet has an infection in their mouth and jaw. It will detect underlying problems that are not easily visible during a simple dental exam. In this way, treatment opportunity arises without losing time and dental diseases that will happen to our friend in the future are prevented. This essential treatment, along with regular at-home dental care, is the best preventative care measure a pet owner can employ to provide their pet with a happy and healthy lifestyle.[\/vc_column_text][vc_single_image image=&#8221;2106&#8243; img_size=&#8221;large&#8221;][vc_column_text]<\/p>\n<h4 style=\"color: #e5097f;\">Dental Care<\/h4>\n<p>Veterinary Physician G\u00fcltekin K\u00fclek\u00e7i is one of the leading experts in the field of pet dentistry on the Anatolian side. It is estimated that the majority of pets have some kind of dental disease and, like us humans, their quality of life decreases by experiencing toothache from time to time. Regular dental care for dogs and cats is essential to maintain their health every year. Allowing dental diseases to continue for a long time can be life-threatening, as such infections can turn into inflammation and spread to their entire body, especially their jaws.[\/vc_column_text][vc_single_image image=&#8221;2102&#8243; img_size=&#8221;large&#8221;][vc_column_text]<\/p>\n<h4 style=\"color: #e5097f;\">Tooth Extraction<\/h4>\n<p>The purpose of tooth extraction is to remove the entire tooth without damaging the surrounding structures. One of the most common complications during tooth extraction is fracture of the tooth&#8217;s root. It is of great importance to determine the physical root structure of the tooth in a digital x-ray and to apply the correct tooth extraction technique. Our Veterinary Dentist Dr. G\u00fcltekin K\u00fclek\u00e7i DVM is very experienced in tooth extraction and operates between Monday and Saturday. You can call us for an appointment, contact us via WhatsApp or create an appointment request for the day you want from our online appointment page.[\/vc_column_text][vc_single_image image=&#8221;2100&#8243; img_size=&#8221;large&#8221;][\/vc_column][\/vc_row][vc_row css=&#8221;.vc_custom_1557131401323{margin-bottom: 0px !important;padding-bottom: 40px !important;}&#8221;][vc_column]<div class=\"ozy-call-to-action-box \" style=\"background-image:url(https:\/\/i0.wp.com\/clubvet.com.tr\/wp-content\/uploads\/2019\/05\/shutterstock_140724100-min.jpg?fit=1920%2C1280&#038;ssl=1);height:350px\"><div class=\"shadow-wrapper\"><\/div><div class=\"overlay-wrapper\"><i class=\"oic-vethouse1-pets-hotel-symbol-with-a-dog-and-a-cat-in-a-circle-with-one-star\"><\/i><a href=\"https:\/\/apptest.vetogle.com\/clubvet1\" target=\"_blank\" rel=\"nofollow noopener\">MAKE AN APPOINTMENT<\/a><h2 class=\"h4-size\">THE BALANCE OF NATURE IS CONSERVED THROUGH ANIMALS<\/h2><span class=\"shared-border-color\"><\/span><h6>24\/7 SERVICE | SAME DAY APPOINTMENT<\/h6><\/div><\/div>[\/vc_column][\/vc_row]<\/p>\n<\/div>","protected":false},"excerpt":{"rendered":"<p>[vc_row][vc_column][vc_column_text] Teeth Cleaning Your dentist will probably call you for cleaning every six months or once a year depending on the condition of the tooth, while providing a periodic dental [&hellip;]<\/p>\n","protected":false},"author":1,"featured_media":2766,"parent":2171,"menu_order":360,"comment_status":"closed","ping_status":"closed","template":"page-transparent-menu.php","meta":{"footnotes":""},"class_list":["post-2212","page","type-page","status-publish","has-post-thumbnail","hentry","has_thumb",null],"_links":{"self":[{"href":"https:\/\/clubvet.com.tr\/en\/wp-json\/wp\/v2\/pages\/2212","targetHints":{"allow":["GET"]}}],"collection":[{"href":"https:\/\/clubvet.com.tr\/en\/wp-json\/wp\/v2\/pages"}],"about":[{"href":"https:\/\/clubvet.com.tr\/en\/wp-json\/wp\/v2\/types\/page"}],"author":[{"embeddable":true,"href":"https:\/\/clubvet.com.tr\/en\/wp-json\/wp\/v2\/users\/1"}],"replies":[{"embeddable":true,"href":"https:\/\/clubvet.com.tr\/en\/wp-json\/wp\/v2\/comments?post=2212"}],"version-history":[{"count":7,"href":"https:\/\/clubvet.com.tr\/en\/wp-json\/wp\/v2\/pages\/2212\/revisions"}],"predecessor-version":[{"id":3485,"href":"https:\/\/clubvet.com.tr\/en\/wp-json\/wp\/v2\/pages\/2212\/revisions\/3485"}],"up":[{"embeddable":true,"href":"https:\/\/clubvet.com.tr\/en\/wp-json\/wp\/v2\/pages\/2171"}],"wp:featuredmedia":[{"embeddable":true,"href":"https:\/\/clubvet.com.tr\/en\/wp-json\/wp\/v2\/media\/2766"}],"wp:attachment":[{"href":"https:\/\/clubvet.com.tr\/en\/wp-json\/wp\/v2\/media?parent=2212"}],"curies":[{"name":"wp","href":"https:\/\/api.w.org\/{rel}","templated":true}]}}