{"id":2220,"date":"2021-10-26T17:29:27","date_gmt":"2021-10-26T14:29:27","guid":{"rendered":"https:\/\/clubvet.com.tr\/our-services\/pet-intensive-care-cat-dog-hamster-rabbit-bird\/"},"modified":"2022-02-21T11:04:35","modified_gmt":"2022-02-21T08:04:35","slug":"pet-intensive-care-cat-dog-hamster-rabbit-bird","status":"publish","type":"page","link":"https:\/\/clubvet.com.tr\/en\/our-services\/pet-intensive-care-cat-dog-hamster-rabbit-bird\/","title":{"rendered":"Pet Intensive Care (Cat, Dog, Hamster, Rabbit, Bird)"},"content":{"rendered":"<div class=\"wpb-content-wrapper\"><p>[vc_row][vc_column][vc_column_text]One of the most important parts of our hospital, which provides 24-hour service, is our pet intensive care department. After our pets are examined and a treatment protocol is established, they may need special care for a certain period of time. Our cats, dogs, rabbits, hamsters or birds are admitted to special intensive care units for treatment by our veterinarians and intensive care technicians. How long the patient will stay in the intensive care unit depends on the severity of the disease or injury and the recovery period.<\/p>\n<p>Our hospital is famous for its intensive care in the \u00c7ekmek\u00f6y &#8211; \u00dcmraniye &#8211; Sancaktepe regions. Our veterinarians and intensive care nurses have received special training in emergency and tram-based critical intensive care methods. Our intensive care units are equipped with a sufficient level of crew and equipment.<\/p>\n<p>In the intensive care department, we have specially prepared cages and intensive care units for our patients.[\/vc_column_text]<div class=\"carousel single wpb_content_element pagedots-true flickity-carousel  item-count-1\" data-flickity='{ \"adaptiveHeight\": false, \"pageDots\": true, \"prevNextButtons\": false, \"groupCells\": false, \"contain\" : true, \"cellAlign\": \"left\", \"imagesLoaded\": true, \"setGallerySize\": true, \"autoPlay\": 3000 }'>\n<div class=\"ozy-caroseul_item carousel-cell \" style=\"background:url(https:\/\/i0.wp.com\/clubvet.com.tr\/wp-content\/uploads\/2021\/10\/blog-10-main.jpg?fit=1920%2C1280&#038;ssl=1);\">\n<a><img decoding=\"async\" src=\"https:\/\/i0.wp.com\/clubvet.com.tr\/wp-content\/uploads\/2021\/10\/blog-10-main.jpg?fit=1920%2C1280&#038;ssl=1\" alt=\"\"><\/a><\/div>\n<div class=\"ozy-caroseul_item carousel-cell \" style=\"background:url(https:\/\/i0.wp.com\/clubvet.com.tr\/wp-content\/uploads\/2021\/11\/services-9.jpg?fit=1920%2C1280&#038;ssl=1);\">\n<a><img decoding=\"async\" src=\"https:\/\/i0.wp.com\/clubvet.com.tr\/wp-content\/uploads\/2021\/11\/services-9.jpg?fit=1920%2C1280&#038;ssl=1\" alt=\"\"><\/a><\/div>\n<div class=\"ozy-caroseul_item carousel-cell \" style=\"background:url(https:\/\/i0.wp.com\/clubvet.com.tr\/wp-content\/uploads\/2021\/11\/services-14.jpg?fit=1920%2C1280&#038;ssl=1);\">\n<a><img decoding=\"async\" src=\"https:\/\/i0.wp.com\/clubvet.com.tr\/wp-content\/uploads\/2021\/11\/services-14.jpg?fit=1920%2C1280&#038;ssl=1\" alt=\"\"><\/a><\/div><\/div>[vc_column_text]<\/p>\n<h4 style=\"color: #e5097f; margin-bottom: 20px;\">Usage Areas of Cat and Dog Intensive Care Units<\/h4>\n<ul>\n<li>Bringing falling body temperature back to normal levels during an operation<\/li>\n<li>Providing oxygen and heat support to our less stable patients<\/li>\n<li>Providing respiratory support to our patients with respiratory tract disease with the help of nebilization<\/li>\n<li>To control the general condition stability of our patients involved in traffic accidents<\/li>\n<li>To meet the care and needs of premature born kittens \/ puppies.<\/li>\n<\/ul>\n<p>These are the main areas of use for our intensive care units.<\/p>\n<p>After the general condition of our patients staying in the intensive care unit stabilizes, the treatment continues in the intensive care cages. We get great results by using Ozone Therapy, which you can&#8217;t find anywhere. As a treatment support, it helps heal wounds quickly and gets our patients healthy, faster.<\/p>\n<p>During the treatment period, physical examinations of each of our patients are performed 3 times a day, in the morning, afternoon and evening. During the day, stool, urine, eating and drinking information are recorded and the documentation is given to our relevant physicians. After your pet&#8217;s health is medically stable, we give it to you for home care as soon as possible. Because the fact that animals are separated from their families for longer than necessary does more harm than good with regard to their psychological treatment.<\/p>\n<p>As a member of the Clubvet family, you can be rest assured that we will provide the best intensive care service to your pet family. When you come to our clinic for a patient visit, you can see your baby under the supervision of the intensive care nurse and get updated information about their current condition. Our duty is not to keep them away from you, but to bring them back to you as soon as possible. We wish you and you pets many more healthy, happier days[\/vc_column_text][\/vc_column][\/vc_row][vc_row css=&#8221;.vc_custom_1557131401323{margin-bottom: 0px !important;padding-bottom: 40px !important;}&#8221;][vc_column]<div class=\"ozy-call-to-action-box \" style=\"background-image:url(https:\/\/i0.wp.com\/clubvet.com.tr\/wp-content\/uploads\/2019\/05\/shutterstock_140724100-min.jpg?fit=1920%2C1280&#038;ssl=1);height:350px\"><div class=\"shadow-wrapper\"><\/div><div class=\"overlay-wrapper\"><i class=\"oic-vethouse1-pets-hotel-symbol-with-a-dog-and-a-cat-in-a-circle-with-one-star\"><\/i><a href=\"https:\/\/apptest.vetogle.com\/clubvet1\" target=\"_blank\" rel=\"nofollow noopener\">MAKE AN APPOINTMENT<\/a><h2 class=\"h4-size\">THE BALANCE OF NATURE IS CONSERVED THROUGH ANIMALS<\/h2><span class=\"shared-border-color\"><\/span><h6>24\/7 SERVICE | SAME DAY APPOINTMENT<\/h6><\/div><\/div>[\/vc_column][\/vc_row]<\/p>\n<\/div>","protected":false},"excerpt":{"rendered":"<p>[vc_row][vc_column][vc_column_text]One of the most important parts of our hospital, which provides 24-hour service, is our pet intensive care department. After our pets are examined and a treatment protocol is established, [&hellip;]<\/p>\n","protected":false},"author":1,"featured_media":2766,"parent":2171,"menu_order":500,"comment_status":"closed","ping_status":"closed","template":"page-transparent-menu.php","meta":{"footnotes":""},"class_list":["post-2220","page","type-page","status-publish","has-post-thumbnail","hentry","has_thumb",null],"_links":{"self":[{"href":"https:\/\/clubvet.com.tr\/en\/wp-json\/wp\/v2\/pages\/2220","targetHints":{"allow":["GET"]}}],"collection":[{"href":"https:\/\/clubvet.com.tr\/en\/wp-json\/wp\/v2\/pages"}],"about":[{"href":"https:\/\/clubvet.com.tr\/en\/wp-json\/wp\/v2\/types\/page"}],"author":[{"embeddable":true,"href":"https:\/\/clubvet.com.tr\/en\/wp-json\/wp\/v2\/users\/1"}],"replies":[{"embeddable":true,"href":"https:\/\/clubvet.com.tr\/en\/wp-json\/wp\/v2\/comments?post=2220"}],"version-history":[{"count":6,"href":"https:\/\/clubvet.com.tr\/en\/wp-json\/wp\/v2\/pages\/2220\/revisions"}],"predecessor-version":[{"id":3482,"href":"https:\/\/clubvet.com.tr\/en\/wp-json\/wp\/v2\/pages\/2220\/revisions\/3482"}],"up":[{"embeddable":true,"href":"https:\/\/clubvet.com.tr\/en\/wp-json\/wp\/v2\/pages\/2171"}],"wp:featuredmedia":[{"embeddable":true,"href":"https:\/\/clubvet.com.tr\/en\/wp-json\/wp\/v2\/media\/2766"}],"wp:attachment":[{"href":"https:\/\/clubvet.com.tr\/en\/wp-json\/wp\/v2\/media?parent=2220"}],"curies":[{"name":"wp","href":"https:\/\/api.w.org\/{rel}","templated":true}]}}