{"id":2223,"date":"2021-10-26T21:38:11","date_gmt":"2021-10-26T18:38:11","guid":{"rendered":"https:\/\/clubvet.com.tr\/our-services\/cat-dog-vaccination-application-vaccination-schedule\/"},"modified":"2022-02-21T11:05:20","modified_gmt":"2022-02-21T08:05:20","slug":"cat-dog-vaccination-application-vaccination-schedule","status":"publish","type":"page","link":"https:\/\/clubvet.com.tr\/en\/our-services\/cat-dog-vaccination-application-vaccination-schedule\/","title":{"rendered":"Cat \/ Dog Vaccination Application &#8211; Vaccination Schedule"},"content":{"rendered":"<div class=\"wpb-content-wrapper\"><p>[vc_row][vc_column][vc_column_text]K\u00f6pek ve kedi a\u015f\u0131 takvimi 45 g\u00fcnl\u00fckte ba\u015flar. Yavrular\u0131n anne s\u00fct\u00fcnden ald\u0131klar\u0131 ba\u011f\u0131\u015f\u0131kl\u0131k h\u00fccreleri 45 g\u00fcne kadar korur. Bu s\u00fcre bitiminden itibaren v\u00fccut ba\u011f\u0131\u015f\u0131kl\u0131\u011f\u0131 a\u015f\u0131lar ile olu\u015fturulur.<\/p>\n<p>A\u015f\u0131lar yaln\u0131zca sa\u011fl\u0131kl\u0131 hayvanlara uygulanmal\u0131d\u0131r.<\/p>\n<p>A\u015f\u0131lama program\u0131na ba\u015flamadan \u00f6nce, yavru kedi ve k\u00f6peklerin plasenta yoluyla ve emzirme d\u00f6neminde anneden ald\u0131\u011f\u0131 i\u00e7 parazitlerden ve \u00fczerindeki d\u0131\u015f parazitlerden ar\u0131nd\u0131r\u0131lmas\u0131 gerekmektedir.<\/p>\n<p>Klini\u011fimize gelen dostlar\u0131m\u0131z\u0131n hasta kay\u0131t program\u0131m\u0131zda kay\u0131tlar\u0131 olu\u015fturulur, tecr\u00fcbeli hekimlerimiz taraf\u0131ndan genel muayeneleri yap\u0131l\u0131r ve dostlar\u0131m\u0131za uygun a\u015f\u0131 takvimi olu\u015fturularak a\u015f\u0131 uygulamalar\u0131na ba\u015flan\u0131r.<br \/>\nHasta kayd\u0131 ve a\u015f\u0131lamalar ile birlikte minik dostlar\u0131m\u0131za sa\u011fl\u0131k karneleri (Pet Pasaport) \u00e7\u0131kart\u0131l\u0131r ve a\u015f\u0131lama zamanlar\u0131 taraf\u0131m\u0131zca takip edilerek hasta sahiplerine bilgilendirmeleri yap\u0131l\u0131r.[\/vc_column_text][vc_single_image image=&#8221;2047&#8243; img_size=&#8221;large&#8221;][vc_column_text]<\/p>\n<h4 style=\"color: #e5097f;\">Kedi A\u015f\u0131 Takvimi ve A\u015f\u0131lar\u0131<\/h4>\n<p><span style=\"font-weight: bold;\">Kedi \u0130\u00e7 parazit:<\/span><br \/>\nAskaritler, kam\u00e7\u0131l\u0131 kurtlar,kancal\u0131 kurtlar ve \u015feritlerden koruma ama\u00e7l\u0131 yap\u0131lmaktad\u0131r.<br \/>\nYavrularda ilk uygulama 1,5 ila 2 hafta ara ile 3 doz uygulanmal\u0131d\u0131r. Ard\u0131ndan 2 ay ara ile d\u00fczenli olarak devaml\u0131 <a style=\"color: #019fe6; text-decoration: underline;\" href=\"\/kopek-kedi-parazit-asisi\/\">uygulanmal\u0131d\u0131r<\/a>.<\/p>\n<p><span style=\"font-weight: bold;\">Kedi D\u0131\u015f Parazit:<\/span><br \/>\nPire ve keneye kar\u015f\u0131 koruma ama\u00e7l\u0131 yap\u0131lmaktad\u0131r. D\u00fczenli olarak 2 ayda bir uygulama yap\u0131lmal\u0131d\u0131r.<\/p>\n<p><span style=\"font-weight: bold;\">Kedi Karma A\u015f\u0131s\u0131:<\/span><br \/>\nFeline Panleukopenia, <a style=\"color: #019fe6; text-decoration: underline;\" href=\"\/feline-calicivirus\/\">Feline Rhinotracheitis<\/a>, Feline Calicivirus \u2018e kar\u015f\u0131 koruma sa\u011flar.<\/p>\n<ul>\n<li>Yavruluk d\u00f6neminde 21 g\u00fcn ara ile 2 doz \u015feklinde uygulan\u0131r. Takip eden senelerde ise her sene 1 doz olarak uygulanmaktad\u0131r.<\/li>\n<\/ul>\n<p><span style=\"font-weight: bold;\">L\u00f6semi A\u015f\u0131s\u0131:<\/span><br \/>\nFeline Leukemia FeLV (kedi l\u00f6semisi)\u2019ne kar\u015f\u0131 korumak ama\u00e7l\u0131 yap\u0131lan bir a\u015f\u0131d\u0131r.<br \/>\nYavruluk d\u00f6neminde 21 g\u00fcn ara ile 2 doz uygulan\u0131r. Takip eden senelerde ise her srne 1 doz olarak uygulanmaktad\u0131r.<br \/>\nKlini\u011fimizde ilk L\u00f6semi a\u015f\u0131s\u0131 \u00f6ncesi kontrol ve minik dostumuzu korumak ama\u00e7l\u0131 Hemogram kan testi ve FIV\/FeLV kit testi yap\u0131lmaktad\u0131r. Bu testlerin yap\u0131lma amac\u0131 son y\u0131llarda Feline Leukemia ta\u015f\u0131y\u0131c\u0131s\u0131 kedi say\u0131s\u0131n\u0131n artm\u0131\u015f olmas\u0131 ve bu hastal\u0131\u011f\u0131n olduk\u00e7a gizli seyreden bir hastal\u0131k olmas\u0131d\u0131r.Hemogram kan testi sonucunda dostumuz sa\u011fl\u0131kl\u0131, FIV\/FeLV kit testi sonucu da negatif ise minik dostumuza L\u00f6semi a\u015f\u0131 uygulamas\u0131n\u0131 yapmaktay\u0131z.<\/p>\n<p><span style=\"font-weight: bold;\">Kedi Kuduz A\u015f\u0131s\u0131:<\/span><br \/>\nKuduz hastal\u0131\u011f\u0131ndan korumak ama\u00e7l\u0131 yap\u0131lan bir a\u015f\u0131 uygulamas\u0131d\u0131r.<br \/>\nKuduz hastal\u0131\u011f\u0131 zoonoz(hayvandan insana bula\u015fan) bir hastal\u0131kt\u0131r. Bu nedenle Kuduz a\u015f\u0131s\u0131 yavrulu\u011fun 3 ila 3,5 ayl\u0131k d\u00f6neminden itibaren d\u00fczenli olarak her sene 1 doz uygulama \u015feklinde yap\u0131lmaktad\u0131r.[\/vc_column_text][vc_column_text]<\/p>\n<h4 style=\"color: #e5097f;\">K\u00f6pek A\u015f\u0131 Takvimi ve A\u015f\u0131lar\u0131<\/h4>\n<p><span style=\"font-weight: bold;\">K\u00f6pek \u0130\u00e7 parazit:<\/span><\/p>\n<ul>\n<li>Askaritler, kam\u00e7\u0131l\u0131 kurtlar,kancal\u0131 kurtlar ve \u015feritlerden koruma ama\u00e7l\u0131 yap\u0131lmaktad\u0131r.<\/li>\n<li>Yavrularda ilk uygulama 1,5 ila 2 hafta ara ile 3 doz uygulanmal\u0131d\u0131r. Ard\u0131ndan 2 ay ara ile d\u00fczenli olarak devaml\u0131 uygulanmal\u0131d\u0131r.<\/li>\n<\/ul>\n<p><span style=\"font-weight: bold;\">K\u00f6pek D\u0131\u015f Parazit:<\/span><\/p>\n<ul>\n<li>Pire ve keneye kar\u015f\u0131 koruma ama\u00e7l\u0131 yap\u0131lmaktad\u0131r. D\u00fczenli olarak 2 ayda bir uygulama yap\u0131lmal\u0131d\u0131r.<\/li>\n<\/ul>\n<p><span style=\"font-weight: bold;\">K\u00f6pek Karma A\u015f\u0131s\u0131:<\/span><br \/>\nDistemper (Gen\u00e7lik hastal\u0131\u011f\u0131), \u0130nfectious Canine Hepatitis, Parvovir\u00fcs (Kanl\u0131 ishal), Parainfluenza, Leptospirozis\u2019e kar\u015f\u0131 koruma ama\u00e7l\u0131 uygulanan bir a\u015f\u0131d\u0131r.<\/p>\n<ul>\n<li>Yavruluk d\u00f6neminde 21 g\u00fcn ara ile 2 doz uygulan\u0131r. Takip eden senelerde her y\u0131l 1 doz tekrar uygulamas\u0131 yap\u0131lmaktad\u0131r.<\/li>\n<\/ul>\n<p><span style=\"font-weight: bold;\">Bronchine A\u015f\u0131:<\/span><\/p>\n<ul>\n<li>Bordatwlla Bronchiseptica (Kennel Cough) hastal\u0131\u011f\u0131na kar\u015f\u0131 koruma ama\u00e7l\u0131 uygulanan bir a\u015f\u0131d\u0131r<\/li>\n<li>Yavruluk d\u00f6neminde 21 g\u00fcn ara ile 2 doz uygulan\u0131r. Takip eden senelerde her y\u0131l 1 doz tekrar uygulamas\u0131 yap\u0131lmaktad\u0131r.<\/li>\n<\/ul>\n<p><span style=\"font-weight: bold;\">Puppy DP A\u015f\u0131s\u0131:<\/span><\/p>\n<ul>\n<li>Distemper(Gen\u00e7lik hastal\u0131\u011f\u0131), Parvoviral(kanl\u0131 ishal) hastal\u0131klar\u0131na kar\u015f\u0131 koruma ama\u00e7l\u0131 uygulanan bir a\u015f\u0131d\u0131r.<\/li>\n<li>Bu a\u015f\u0131 ya\u015f olarak 5\u2019li karma a\u015f\u0131s\u0131 i\u00e7in uygun olmayan ya da \u00e7evre ve yap\u0131sal anlamda bu hastal\u0131klara yakalanma riski ta\u015f\u0131yan (Rotw. \u0131rklar\u0131n\u0131n Distemper\u2019a yakalanma riskinin di\u011fer \u0131rklara g\u00f6re daha y\u00fcksek olmas\u0131.. vb.) yavrulara Karma a\u015f\u0131s\u0131 \u00f6ncesi korumay\u0131 artt\u0131rmak ama\u00e7l\u0131 uygulanmaktad\u0131r.<\/li>\n<li>4 haftay\u0131 dolduran yavrulara uygulanmaktad\u0131r.<\/li>\n<\/ul>\n<p><span style=\"font-weight: bold;\">Lyme A\u015f\u0131s\u0131:<\/span><\/p>\n<ul>\n<li>Kene yoluyla bula\u015fan <a style=\"color: #019fe6; text-decoration: underline;\" href=\"https:\/\/tr.wikipedia.org\/wiki\/Borrelia\" rel=\"nofollow noopener\" target=\"_blank\">Borrelia<\/a> isimli bakteriye kar\u015f\u0131 koruma ama\u00e7l\u0131 uygulanan bir a\u015f\u0131d\u0131r.<\/li>\n<li>Borrelia bakterisinin sebep oldu\u011fu Lyme hastal\u0131\u011f\u0131 zoonozdur(hayvandan insana bula\u015f\u0131r). Bu nedenle yavruluk d\u00f6neminde 21 g\u00fcn ara ile 2 doz uygulan\u0131r. Takip eden senelerde her y\u0131l 1 doz tekrar uygulamas\u0131 yap\u0131lmaktad\u0131r.<\/li>\n<\/ul>\n<p><span style=\"font-weight: bold;\">K\u00f6pek Kuduz A\u015f\u0131s\u0131:<\/span><\/p>\n<ul>\n<li>Kuduz hastal\u0131\u011f\u0131ndan korumak ama\u00e7l\u0131 yap\u0131lan bir a\u015f\u0131 uygulamas\u0131d\u0131r.<\/li>\n<li>Kuduz hastal\u0131\u011f\u0131 zoonoz (hayvandan insana bula\u015fan) bir hastal\u0131kt\u0131r. Bu nedenle Kuduz a\u015f\u0131s\u0131 yavrulu\u011fun 3 ila 3,5 ayl\u0131k d\u00f6neminden itibaren d\u00fczenli olarak her sene 1 doz uygulama \u015feklinde yap\u0131lmaktad\u0131r.<\/li>\n<\/ul>\n<p>[\/vc_column_text][\/vc_column][\/vc_row][vc_row css=&#8221;.vc_custom_1557131401323{margin-bottom: 0px !important;padding-bottom: 40px !important;}&#8221;][vc_column]<div class=\"ozy-call-to-action-box \" style=\"background-image:url(https:\/\/i0.wp.com\/clubvet.com.tr\/wp-content\/uploads\/2019\/05\/shutterstock_140724100-min.jpg?fit=1920%2C1280&#038;ssl=1);height:350px\"><div class=\"shadow-wrapper\"><\/div><div class=\"overlay-wrapper\"><i class=\"oic-vethouse1-pets-hotel-symbol-with-a-dog-and-a-cat-in-a-circle-with-one-star\"><\/i><a href=\"https:\/\/apptest.vetogle.com\/clubvet1\" target=\"_blank\" rel=\"nofollow noopener\">MAKE AN APPOINTMENT<\/a><h2 class=\"h4-size\">THE BALANCE OF NATURE IS CONSERVED THROUGH ANIMALS<\/h2><span class=\"shared-border-color\"><\/span><h6>24\/7 SERVICE | SAME DAY APPOINTMENT<\/h6><\/div><\/div>[\/vc_column][\/vc_row]<\/p>\n<\/div>","protected":false},"excerpt":{"rendered":"<p>[vc_row][vc_column][vc_column_text]K\u00f6pek ve kedi a\u015f\u0131 takvimi 45 g\u00fcnl\u00fckte ba\u015flar. Yavrular\u0131n anne s\u00fct\u00fcnden ald\u0131klar\u0131 ba\u011f\u0131\u015f\u0131kl\u0131k h\u00fccreleri 45 g\u00fcne kadar korur. Bu s\u00fcre bitiminden itibaren v\u00fccut ba\u011f\u0131\u015f\u0131kl\u0131\u011f\u0131 a\u015f\u0131lar ile olu\u015fturulur. A\u015f\u0131lar yaln\u0131zca sa\u011fl\u0131kl\u0131 [&hellip;]<\/p>\n","protected":false},"author":1,"featured_media":2766,"parent":2171,"menu_order":310,"comment_status":"closed","ping_status":"closed","template":"page-transparent-menu.php","meta":{"footnotes":""},"class_list":["post-2223","page","type-page","status-publish","has-post-thumbnail","hentry","has_thumb",null],"_links":{"self":[{"href":"https:\/\/clubvet.com.tr\/en\/wp-json\/wp\/v2\/pages\/2223","targetHints":{"allow":["GET"]}}],"collection":[{"href":"https:\/\/clubvet.com.tr\/en\/wp-json\/wp\/v2\/pages"}],"about":[{"href":"https:\/\/clubvet.com.tr\/en\/wp-json\/wp\/v2\/types\/page"}],"author":[{"embeddable":true,"href":"https:\/\/clubvet.com.tr\/en\/wp-json\/wp\/v2\/users\/1"}],"replies":[{"embeddable":true,"href":"https:\/\/clubvet.com.tr\/en\/wp-json\/wp\/v2\/comments?post=2223"}],"version-history":[{"count":9,"href":"https:\/\/clubvet.com.tr\/en\/wp-json\/wp\/v2\/pages\/2223\/revisions"}],"predecessor-version":[{"id":3498,"href":"https:\/\/clubvet.com.tr\/en\/wp-json\/wp\/v2\/pages\/2223\/revisions\/3498"}],"up":[{"embeddable":true,"href":"https:\/\/clubvet.com.tr\/en\/wp-json\/wp\/v2\/pages\/2171"}],"wp:featuredmedia":[{"embeddable":true,"href":"https:\/\/clubvet.com.tr\/en\/wp-json\/wp\/v2\/media\/2766"}],"wp:attachment":[{"href":"https:\/\/clubvet.com.tr\/en\/wp-json\/wp\/v2\/media?parent=2223"}],"curies":[{"name":"wp","href":"https:\/\/api.w.org\/{rel}","templated":true}]}}