{"id":2226,"date":"2021-10-26T22:21:09","date_gmt":"2021-10-26T19:21:09","guid":{"rendered":"https:\/\/clubvet.com.tr\/our-services\/cat-dog-biochemistry-test\/"},"modified":"2022-02-21T11:05:15","modified_gmt":"2022-02-21T08:05:15","slug":"cat-dog-biochemistry-test","status":"publish","type":"page","link":"https:\/\/clubvet.com.tr\/en\/our-services\/cat-dog-biochemistry-test\/","title":{"rendered":"Cat \/ Dog Biochemistry Test"},"content":{"rendered":"<div class=\"wpb-content-wrapper\"><p>[vc_row][vc_column][vc_column_text]Kedi ve k\u00f6peklerde klinik biyokimya testi; sa\u011fl\u0131kl\u0131 hayvan\u0131n genel durumunun belirlenmesinde, hasta <a href=\"https:\/\/clubvet.com.tr\/hizmetlerimiz\/kedi-kopek-hastalik-testleri\/\">hayvan\u0131n hastal\u0131\u011f\u0131n\u0131n spesifik ve kesin te\u015fhisinde<\/a>, buna g\u00f6re tedavi protokol\u00fcn\u00fcn olu\u015fturulmas\u0131nda \u00f6nemlidir. Ayr\u0131ca tedavinin takibinde, operasyona al\u0131nacak hayvan\u0131n <a href=\"https:\/\/tr.wikipedia.org\/wiki\/Anestezi\" target=\"_blank\" rel=\"noopener nofollow\">anestezi<\/a> \u00f6ncesi sa\u011fl\u0131k durumunun belirlenmesinde ve hayvan\u0131n kond\u00fcsyonu hakk\u0131nda \u00e7e\u015fitli bilgiler vermektedir.<\/p>\n<p>Kedi ve k\u00f6peklerin d\u00fczenli olarak kan analizlerini yapt\u0131rmak, kedi ve k\u00f6pe\u011fimizin daha uzun y\u0131llar sa\u011fl\u0131kl\u0131, g\u00fcvenli bir \u015fekilde ya\u015famas\u0131na olanak sa\u011flayacakt\u0131r.[\/vc_column_text][vc_single_image image=&#8221;2894&#8243; img_size=&#8221;large&#8221;][vc_column_text]<\/p>\n<h4 style=\"color: #e5097f;\">Kedi \u2013 K\u00f6pek Biyokimya Testi Neden Yap\u0131l\u0131r?<\/h4>\n<p>Bilindi\u011fi gibi bir\u00e7ok hastal\u0131\u011f\u0131n;<\/p>\n<ul>\n<li>Troid bezlerinin fazla veya az \u00e7al\u0131\u015fmas\u0131n\u0131n belirlenmesinde,<\/li>\n<li>B\u00f6brek hastal\u0131klar\u0131n\u0131n belirlenmesinde,<\/li>\n<li>Karaci\u011fer hastal\u0131klar\u0131n\u0131n belirlenmesinde,<\/li>\n<li>Pankreas hastal\u0131klar\u0131n\u0131n belirlenmesinde klinik biyokimya \u00f6nemli bir yer tutmaktad\u0131r<\/li>\n<\/ul>\n<p>Organizmada \u00f6nce biyokimyasal de\u011fi\u015fimler, sonra organlarda fonksiyonel bozukluklar ve ard\u0131ndan da bi\u00e7imsel(anatomik) bozukluklar ortaya \u00e7\u0131kmaktad\u0131r.<\/p>\n<p>Bunlar\u0131n sonucunda hastal\u0131klar\u0131n ilerlemi\u015f evrelerde klinik belirti verdi\u011fi unutulmamal\u0131d\u0131r!<\/p>\n<p><span style=\"line-height: 1; padding-bottom: 20px;\">\u00a0<\/span><\/p>\n<h5 style=\"color: #019fe6;\">Peki biz klini\u011fimizde biyokimya yaparak hangi de\u011ferlerin sonu\u00e7lar\u0131n\u0131 al\u0131yoruz?<\/h5>\n<ol>\n<li style=\"padding-bottom: 20px;\"><span style=\"font-weight: bold;\">Serum \u00fcre ya da kan \u00fcre azotu (BUN)<\/span><br \/>\n\u00dcre, protein y\u0131k\u0131m\u0131n\u0131n bir yan \u00fcr\u00fcn\u00fcd\u00fcr; karaci\u011ferde \u00fcretilir ve b\u00f6brek taraf\u0131ndan v\u00fccuttan at\u0131l\u0131r. BUN\u2019daki art\u0131\u015flar dehidrasyon, gastrointestinal kanama, kalp hastal\u0131\u011f\u0131 veya birincil b\u00f6brek hastal\u0131\u011f\u0131n\u0131 g\u00f6sterebilir. BUN\u2019daki d\u00fc\u015f\u00fc\u015fler a\u015f\u0131r\u0131 hidrasyon, karaci\u011fer yetmezli\u011fi veya diyette protein al\u0131m\u0131n\u0131n azalmas\u0131 ile ili\u015fkilidir.<\/li>\n<li style=\"padding-bottom: 20px;\"><span style=\"font-weight: bold;\">Kreatinin(CRE)<\/span><br \/>\nKreatinin, kas metabolizmas\u0131n\u0131n bir yan \u00fcr\u00fcn\u00fcd\u00fcr ve tamamen b\u00f6brek taraf\u0131ndan at\u0131l\u0131r. Artan kreatinin seviyeleri b\u00f6brek fonksiyonlar\u0131nda azalma oldu\u011funu g\u00f6sterir.<\/li>\n<li style=\"padding-bottom: 20px;\"><span style=\"font-weight: bold;\">Alanin aminotransferaz(ALT)<\/span><br \/>\nBu enzim, karaci\u011fer h\u00fccreleri strese girdi\u011finde veya hasar g\u00f6rd\u00fc\u011f\u00fcnde bulunur.<\/li>\n<li style=\"padding-bottom: 20px;\"><span style=\"font-weight: bold;\">Alkalin fosfataz(ALP)<\/span><br \/>\nBu enzim, genellikle karaci\u011ferdeki safra ak\u0131\u015f\u0131 azald\u0131\u011f\u0131nda artar.<\/li>\n<li style=\"padding-bottom: 20px;\"><span style=\"font-weight: bold;\">Aspartat aminotransferaz(AST)<\/span><br \/>\nBu enzimin y\u00fcksek seviyelerde \u00e7\u0131kmas\u0131 genellikle kas aktivitesi (egzersiz, efor, konv\u00fclsiyonlar vb.) \u0130le birlikte travma ve kas iltihab\u0131 durumlar\u0131nda g\u00f6r\u00fcl\u00fcr.<\/li>\n<li style=\"padding-bottom: 20px;\"><span style=\"font-weight: bold;\">Total bilirubin(TBIL)<\/span><br \/>\nEsas olarak karaci\u011ferde \u00fcretilen ve hemoglobinin k\u0131rm\u0131z\u0131 kan h\u00fccrelerinden par\u00e7alanmas\u0131yla ili\u015fkili bir pigmenttir. Bilirubin safra kesesinde safra bile\u015feni olarak saklan\u0131r. Bilirubin art\u0131\u015f\u0131, artan k\u0131rm\u0131z\u0131 h\u00fccre tahribat\u0131 veya karaci\u011ferden safra ak\u0131\u015f\u0131n\u0131n azalmas\u0131 ile ili\u015fkilidir.<\/li>\n<li style=\"padding-bottom: 20px;\"><span style=\"font-weight: bold;\">Glukoz(GLU)<\/span><br \/>\nKal\u0131c\u0131 olarak y\u00fcksek bir kan \u015fekeri, \u201c\u015feker diyabeti\u201d olarak da bilinen diabetes mellitus ile ili\u015fkilidir. Kan \u015fekerinde ge\u00e7ici bir art\u0131\u015f genellikle veteriner hekimi ziyaret etmenin heyecan\u0131yla ili\u015fkili kedilerde bulunur; bu stres yan\u0131t\u0131, baz\u0131 kedilerde diyabetes mellitus tan\u0131s\u0131n\u0131 zorla\u015ft\u0131rabilir. D\u00fc\u015f\u00fck kan \u015fekeri yenido\u011fan hayvanlarda, baz\u0131 \u00e7ok k\u00fc\u00e7\u00fck k\u00f6pek \u0131rklar\u0131nda ve av k\u00f6pekleri gibi y\u00fcksek performansl\u0131 k\u00f6peklerde yayg\u0131n olarak bulunur. D\u00fc\u015f\u00fck kan \u015fekeri, diyabetik hastalarda baz\u0131 kanser t\u00fcrleri, bakteriyel enfeksiyonlar veya a\u015f\u0131r\u0131 dozda ins\u00fclin ile de ili\u015fkilidir. Yanl\u0131\u015f d\u00fc\u015f\u00fck glikoz de\u011ferleri genellikle kan \u00f6rne\u011fi al\u0131nd\u0131ktan sonra do\u011fru \u015fekilde saklanmad\u0131\u011f\u0131nda ortaya \u00e7\u0131kar.<\/li>\n<li style=\"padding-bottom: 20px;\"><span style=\"font-weight: bold;\">Kalsiyum(Ca)<\/span><\/li>\n<li style=\"padding-bottom: 20px;\"><span style=\"font-weight: bold;\">Total protein(TP)<\/span><br \/>\nKanda bulunan iki ana protein t\u00fcr\u00fcne <strong>alb\u00fcmin<\/strong> ve <strong>globulin<\/strong> denir. Bu proteinler ayr\u0131 ayr\u0131 \u00f6l\u00e7\u00fclebilir veya \u00f6rnekteki t\u00fcm proteini \u00f6l\u00e7en toplam protein ad\u0131 verilen tek bir testte birle\u015ftirilebilir .<\/li>\n<li style=\"padding-bottom: 20px;\"><span style=\"font-weight: bold;\">Albumin(ALB)<\/span><br \/>\nAlb\u00fcmin seviyeleri hastan\u0131n susuz olup olmad\u0131\u011f\u0131n\u0131 g\u00f6sterebilir ve karaci\u011fer, b\u00f6brekler ve sindirim sisteminin i\u015flevi hakk\u0131nda bilgi sa\u011flayabilir.<\/li>\n<li style=\"padding-bottom: 20px;\"><span style=\"font-weight: bold;\">Globulin(GLOB)<\/span><br \/>\nGlobulin seviyeleri altta yatan inflamasyonu ve \/ veya antikor \u00fcretimini yans\u0131t\u0131r. Artan globulin seviyeleri genellikle bula\u015f\u0131c\u0131 hastal\u0131klar, ba\u011f\u0131\u015f\u0131kl\u0131k arac\u0131l\u0131 hastal\u0131k ve baz\u0131 kanser t\u00fcrleri ile ili\u015fkilidir.<\/li>\n<li style=\"padding-bottom: 20px;\"><span style=\"font-weight: bold;\">Sodyum(Na+)<\/span><\/li>\n<li style=\"padding-bottom: 20px;\"><span style=\"font-weight: bold;\">Potasyum(K+)<\/span><\/li>\n<li style=\"padding-bottom: 20px;\"><span style=\"font-weight: bold;\">Klor(CL-)<\/span><\/li>\n<li style=\"padding-bottom: 20px;\"><span style=\"font-weight: bold;\">Toplam karbondioksit(tCO2 \u2013 Bikarbonat)<\/span><\/li>\n<li style=\"padding-bottom: 20px;\"><span style=\"font-weight: bold;\">Kortizol<\/span><\/li>\n<li style=\"padding-bottom: 20px;\"><span style=\"font-weight: bold;\">Tiroksin(T4)<\/span><\/li>\n<\/ol>\n<p>[\/vc_column_text][\/vc_column][\/vc_row][vc_row css=&#8221;.vc_custom_1557131401323{margin-bottom: 0px !important;padding-bottom: 40px !important;}&#8221;][vc_column]<div class=\"ozy-call-to-action-box \" style=\"background-image:url(https:\/\/i0.wp.com\/clubvet.com.tr\/wp-content\/uploads\/2019\/05\/shutterstock_140724100-min.jpg?fit=1920%2C1280&#038;ssl=1);height:350px\"><div class=\"shadow-wrapper\"><\/div><div class=\"overlay-wrapper\"><i class=\"oic-vethouse1-pets-hotel-symbol-with-a-dog-and-a-cat-in-a-circle-with-one-star\"><\/i><a href=\"https:\/\/apptest.vetogle.com\/clubvet1\" target=\"_blank\" rel=\"nofollow noopener\">MAKE AN APPOINTMENT<\/a><h2 class=\"h4-size\">THE BALANCE OF NATURE IS CONSERVED THROUGH ANIMALS<\/h2><span class=\"shared-border-color\"><\/span><h6>24\/7 SERVICE | SAME DAY APPOINTMENT<\/h6><\/div><\/div>[\/vc_column][\/vc_row]<\/p>\n<\/div>","protected":false},"excerpt":{"rendered":"<p>[vc_row][vc_column][vc_column_text]Kedi ve k\u00f6peklerde klinik biyokimya testi; sa\u011fl\u0131kl\u0131 hayvan\u0131n genel durumunun belirlenmesinde, hasta hayvan\u0131n hastal\u0131\u011f\u0131n\u0131n spesifik ve kesin te\u015fhisinde, buna g\u00f6re tedavi protokol\u00fcn\u00fcn olu\u015fturulmas\u0131nda \u00f6nemlidir. Ayr\u0131ca tedavinin takibinde, operasyona al\u0131nacak hayvan\u0131n [&hellip;]<\/p>\n","protected":false},"author":1,"featured_media":2766,"parent":2171,"menu_order":320,"comment_status":"closed","ping_status":"closed","template":"page-transparent-menu.php","meta":{"footnotes":""},"class_list":["post-2226","page","type-page","status-publish","has-post-thumbnail","hentry","has_thumb",null],"_links":{"self":[{"href":"https:\/\/clubvet.com.tr\/en\/wp-json\/wp\/v2\/pages\/2226","targetHints":{"allow":["GET"]}}],"collection":[{"href":"https:\/\/clubvet.com.tr\/en\/wp-json\/wp\/v2\/pages"}],"about":[{"href":"https:\/\/clubvet.com.tr\/en\/wp-json\/wp\/v2\/types\/page"}],"author":[{"embeddable":true,"href":"https:\/\/clubvet.com.tr\/en\/wp-json\/wp\/v2\/users\/1"}],"replies":[{"embeddable":true,"href":"https:\/\/clubvet.com.tr\/en\/wp-json\/wp\/v2\/comments?post=2226"}],"version-history":[{"count":9,"href":"https:\/\/clubvet.com.tr\/en\/wp-json\/wp\/v2\/pages\/2226\/revisions"}],"predecessor-version":[{"id":3495,"href":"https:\/\/clubvet.com.tr\/en\/wp-json\/wp\/v2\/pages\/2226\/revisions\/3495"}],"up":[{"embeddable":true,"href":"https:\/\/clubvet.com.tr\/en\/wp-json\/wp\/v2\/pages\/2171"}],"wp:featuredmedia":[{"embeddable":true,"href":"https:\/\/clubvet.com.tr\/en\/wp-json\/wp\/v2\/media\/2766"}],"wp:attachment":[{"href":"https:\/\/clubvet.com.tr\/en\/wp-json\/wp\/v2\/media?parent=2226"}],"curies":[{"name":"wp","href":"https:\/\/api.w.org\/{rel}","templated":true}]}}