{"id":2233,"date":"2021-10-27T11:14:14","date_gmt":"2021-10-27T08:14:14","guid":{"rendered":"https:\/\/clubvet.com.tr\/our-services\/cat-dog-internal-and-external-parasite-application\/"},"modified":"2022-02-21T11:04:47","modified_gmt":"2022-02-21T08:04:47","slug":"cat-dog-internal-and-external-parasite-application","status":"publish","type":"page","link":"https:\/\/clubvet.com.tr\/en\/our-services\/cat-dog-internal-and-external-parasite-application\/","title":{"rendered":"Cat \/ Dog Internal and External Parasite Application"},"content":{"rendered":"<div class=\"wpb-content-wrapper\"><p>[vc_row][vc_column][vc_column_text]The only way to protect our cats, dogs and other pets from parasites and parasitic diseases, internal parasites and external parasites is through the use of anti-parasitic applications. These applications are very important in killing existing parasites and preventing the formation of new parasites. Regardless of internal or external parasites, all parasites are very dangerous for our pets. Parasites, which can cause direct diseases as well as disease carriers, are dangerous for us as well as for our pets and cause many zoonotic (transmitted from animal to human) diseases and infections.<\/p>\n<p>There are different forms of anti-parasitic medications such as tablets, injections, syrups and drops. It would be appropriate to administer internal parasite drugs to our pet(s) when they are one and a half months old, and for external parasite drugs, when they reach the appropriate weight. These anti-parasitic applications should be repeated every two months or so, throughout their lives.<\/p>\n<p>Internal parasite drugs; This targets parasites such as hookworms, worms, and liver flukes. External parasite drugs are target external parasites such as fleas, ticks and lice.[\/vc_column_text]<div class=\"carousel single wpb_content_element pagedots-true flickity-carousel  item-count-1\" data-flickity='{ \"adaptiveHeight\": false, \"pageDots\": true, \"prevNextButtons\": false, \"groupCells\": false, \"contain\" : true, \"cellAlign\": \"left\", \"imagesLoaded\": true, \"setGallerySize\": true, \"autoPlay\": 3000 }'>\n<div class=\"ozy-caroseul_item carousel-cell \" style=\"background:url(https:\/\/i0.wp.com\/clubvet.com.tr\/wp-content\/uploads\/2021\/10\/blog-7-small-2.jpg?fit=1920%2C1280&#038;ssl=1);\">\n<a><img decoding=\"async\" src=\"https:\/\/i0.wp.com\/clubvet.com.tr\/wp-content\/uploads\/2021\/10\/blog-7-small-2.jpg?fit=1920%2C1280&#038;ssl=1\" alt=\"\"><\/a><\/div>\n<div class=\"ozy-caroseul_item carousel-cell \" style=\"background:url(https:\/\/i0.wp.com\/clubvet.com.tr\/wp-content\/uploads\/2021\/10\/blog-16-hero.jpg?fit=1920%2C1280&#038;ssl=1);\">\n<a><img decoding=\"async\" src=\"https:\/\/i0.wp.com\/clubvet.com.tr\/wp-content\/uploads\/2021\/10\/blog-16-hero.jpg?fit=1920%2C1280&#038;ssl=1\" alt=\"\"><\/a><\/div>\n<div class=\"ozy-caroseul_item carousel-cell \" style=\"background:url(https:\/\/i0.wp.com\/clubvet.com.tr\/wp-content\/uploads\/2021\/10\/blog-12-small-2.jpg?fit=1920%2C1280&#038;ssl=1);\">\n<a><img decoding=\"async\" src=\"https:\/\/i0.wp.com\/clubvet.com.tr\/wp-content\/uploads\/2021\/10\/blog-12-small-2.jpg?fit=1920%2C1280&#038;ssl=1\" alt=\"\"><\/a><\/div><\/div>[vc_column_text]<\/p>\n<h4 style=\"color: #e5097f;\">So, how do internal and external parasites occur in our pets at home?<\/h4>\n<ul>\n<li>Being in the street or sharing the same environment with other animals,<\/li>\n<li>Hunting and eating creatures such as insects and flies that enter the house,<\/li>\n<li>Being in contact with the droppings of birds, like on our balconies;<\/li>\n<li>Being in contact with the eggs of internal and external parasites carried by our shoes when we walk outside,<\/li>\n<li>From our loving and embracing stray animals, results in them contacting our clothes,<\/li>\n<li>Due to not regularly removing internal parasite larvae carried by external parasites in our pets, whose external parasites are not regularly exterminated,<\/li>\n<li>Internal and external parasites occur for many reasons, such as the consumption of raw animal food.<\/li>\n<\/ul>\n<p><span style=\"line-height: 1.2;\"> <\/span><\/p>\n<h4 style=\"color: #e5097f;\">What are the things we should do after contact with our pets who are not treated for internal and external parasites as they do not know about it?<\/h4>\n<p>First of all, if we have any doubt, it is important to limite embracing and contact as much as possible. Especially as the immune system of our children against these parasites are not as strong as ours. It is much more important to protect children in this regard.<\/p>\n<ul>\n<li>We must thoroughly clean out hands after contact with animals, as parasitic eggs are found on almost all hairs as a result of animals cleaning themselves with their tongues.<\/li>\n<li>After contact with animals, we should not put our hands near our mouth or face without washing our hands. We also shouldn&#8217;t eat any thing until our hands have been properly cleaned.<\/li>\n<li>Attention should be paid to contact with animals that eat unprocessed, raw meat, salamis and sausages. Zoonotic (animal-to-human) parasitic diseases such as toxoplasma, echinococcus granulosus, taenia saginata and giardia are the most common types of parasites that can be transmitted from such animals to humans.<\/li>\n<li>We must not come in contacted with the feces of cats and dogs, nor with substances which they defecate in, such as soil, sand, mud, grass etc.<\/li>\n<\/ul>\n<p>Many similar measures; This plays a big role in protecting you and your pets from internal and external parasites through keeping the risks to an absolute minimum.<\/p>\n<p>The Clubvet family routinely recommend and administer anti-parasitic treatments to our pets every two months. If you live in one of the districts of \u00dcmraniye, \u00c7ekmek\u00f6y, Sancaktepe, Dudullu, you can use our Home Veterinary Service or you can visit our Hospital in Madens, which is very accessible, for internal and external parasite applications.<\/p>\n<p>Stay well and be safe. \ud83d\ude42[\/vc_column_text][\/vc_column][\/vc_row][vc_row css=&#8221;.vc_custom_1557131401323{margin-bottom: 0px !important;padding-bottom: 40px !important;}&#8221;][vc_column]<div class=\"ozy-call-to-action-box \" style=\"background-image:url(https:\/\/i0.wp.com\/clubvet.com.tr\/wp-content\/uploads\/2019\/05\/shutterstock_140724100-min.jpg?fit=1920%2C1280&#038;ssl=1);height:350px\"><div class=\"shadow-wrapper\"><\/div><div class=\"overlay-wrapper\"><i class=\"oic-vethouse1-pets-hotel-symbol-with-a-dog-and-a-cat-in-a-circle-with-one-star\"><\/i><a href=\"https:\/\/apptest.vetogle.com\/clubvet1\" target=\"_blank\" rel=\"nofollow noopener\">MAKE AN APPOINTMENT<\/a><h2 class=\"h4-size\">THE BALANCE OF NATURE IS CONSERVED THROUGH ANIMALS<\/h2><span class=\"shared-border-color\"><\/span><h6>24\/7 SERVICE | SAME DAY APPOINTMENT<\/h6><\/div><\/div>[\/vc_column][\/vc_row]<\/p>\n<\/div>","protected":false},"excerpt":{"rendered":"<p>[vc_row][vc_column][vc_column_text]The only way to protect our cats, dogs and other pets from parasites and parasitic diseases, internal parasites and external parasites is through the use of anti-parasitic applications. These applications [&hellip;]<\/p>\n","protected":false},"author":1,"featured_media":2766,"parent":2171,"menu_order":400,"comment_status":"closed","ping_status":"closed","template":"page-transparent-menu.php","meta":{"footnotes":""},"class_list":["post-2233","page","type-page","status-publish","has-post-thumbnail","hentry","has_thumb",null],"_links":{"self":[{"href":"https:\/\/clubvet.com.tr\/en\/wp-json\/wp\/v2\/pages\/2233","targetHints":{"allow":["GET"]}}],"collection":[{"href":"https:\/\/clubvet.com.tr\/en\/wp-json\/wp\/v2\/pages"}],"about":[{"href":"https:\/\/clubvet.com.tr\/en\/wp-json\/wp\/v2\/types\/page"}],"author":[{"embeddable":true,"href":"https:\/\/clubvet.com.tr\/en\/wp-json\/wp\/v2\/users\/1"}],"replies":[{"embeddable":true,"href":"https:\/\/clubvet.com.tr\/en\/wp-json\/wp\/v2\/comments?post=2233"}],"version-history":[{"count":6,"href":"https:\/\/clubvet.com.tr\/en\/wp-json\/wp\/v2\/pages\/2233\/revisions"}],"predecessor-version":[{"id":3483,"href":"https:\/\/clubvet.com.tr\/en\/wp-json\/wp\/v2\/pages\/2233\/revisions\/3483"}],"up":[{"embeddable":true,"href":"https:\/\/clubvet.com.tr\/en\/wp-json\/wp\/v2\/pages\/2171"}],"wp:featuredmedia":[{"embeddable":true,"href":"https:\/\/clubvet.com.tr\/en\/wp-json\/wp\/v2\/media\/2766"}],"wp:attachment":[{"href":"https:\/\/clubvet.com.tr\/en\/wp-json\/wp\/v2\/media?parent=2233"}],"curies":[{"name":"wp","href":"https:\/\/api.w.org\/{rel}","templated":true}]}}