{"id":2236,"date":"2021-10-27T11:23:47","date_gmt":"2021-10-27T08:23:47","guid":{"rendered":"https:\/\/clubvet.com.tr\/our-hospital\/about-us\/"},"modified":"2022-02-21T11:44:59","modified_gmt":"2022-02-21T08:44:59","slug":"about-us","status":"publish","type":"page","link":"https:\/\/clubvet.com.tr\/en\/our-hospital\/about-us\/","title":{"rendered":"About Us"},"content":{"rendered":"<div class=\"wpb-content-wrapper\"><p>[vc_row css=&#8221;.vc_custom_1558141083413{margin-bottom: 0px !important;padding-bottom: 60px !important;}&#8221;][vc_column][vc_column_text]Every living thing needs care, education, food, accommodation, treatment and an operation when necessary, but animal lovers could not find all these services in one center. So in 2005, we decided to collectively provide and facilitate all these services in a single center for our fellow animal lovers and our precious animal companions. Veterinary Physician G\u00fcltekin K\u00fclek\u00e7i and Veterinary Physician Clubvet Veterinary Hospital was established by P\u0131nar Yal\u0131m K\u00fclek\u00e7i. As Clubvet family, is one of the largest veterinary hospitals in Turkey, we are proud to serve you, our valued animal lovers, and wish you and your lovely pets a healthy and happy life.[\/vc_column_text][vc_single_image image=&#8221;1880&#8243; img_size=&#8221;full&#8221; alignment=&#8221;center&#8221; css=&#8221;.vc_custom_1634910066495{margin-top: 40px !important;}&#8221;][vc_column_text css=&#8221;.vc_custom_1636548017344{margin-bottom: 15px !important;padding-bottom: 0px !important;}&#8221;]<\/p>\n<h2 class=\"push\">What is Clubvet?<\/h2>\n<p>[\/vc_column_text][vc_column_text]The balance of nature is maintained by animals. They are the most important assets to ensure our future.[\/vc_column_text]\n<div id=\"ocl-1\" class=\"ozy-custom-list wpb_content_element \">\n<\/p>\n<ul>\n<li><i class=\"oic-check-1\"><\/i>Effective treatment methods<\/li>\n<li><i class=\"oic-check-1\"><\/i>High-end devices<\/li>\n<li><i class=\"oic-check-1\"><\/i>Quality service<\/li>\n<li><i class=\"oic-check-1\"><\/i>Friendliness and tolerance<\/li>\n<li><i class=\"oic-check-1\"><\/i>Variety of accessories and food<\/li>\n<li><i class=\"oic-check-1\"><\/i>Expert physician staff<\/li>\n<li><i class=\"oic-check-1\"><\/i>Onsite service<\/li>\n<li><i class=\"oic-check-1\"><\/i>Affordable prices<\/li>\n<li><i class=\"oic-check-1\"><\/i>Easy access<\/li>\n<li><i class=\"oic-check-1\"><\/i>Reliable and honest service<\/li>\n<\/ul>\n<p><\/div>[\/vc_column][\/vc_row][vc_row][vc_column][\/vc_column][\/vc_row]<\/p>\n<\/div>","protected":false},"excerpt":{"rendered":"<p>[vc_row css=&#8221;.vc_custom_1558141083413{margin-bottom: 0px !important;padding-bottom: 60px !important;}&#8221;][vc_column][vc_column_text]Every living thing needs care, education, food, accommodation, treatment and an operation when necessary, but animal lovers could not find all these services in one [&hellip;]<\/p>\n","protected":false},"author":1,"featured_media":2752,"parent":2170,"menu_order":10,"comment_status":"closed","ping_status":"closed","template":"page-transparent-menu.php","meta":{"footnotes":""},"class_list":["post-2236","page","type-page","status-publish","has-post-thumbnail","hentry","has_thumb",null],"_links":{"self":[{"href":"https:\/\/clubvet.com.tr\/en\/wp-json\/wp\/v2\/pages\/2236","targetHints":{"allow":["GET"]}}],"collection":[{"href":"https:\/\/clubvet.com.tr\/en\/wp-json\/wp\/v2\/pages"}],"about":[{"href":"https:\/\/clubvet.com.tr\/en\/wp-json\/wp\/v2\/types\/page"}],"author":[{"embeddable":true,"href":"https:\/\/clubvet.com.tr\/en\/wp-json\/wp\/v2\/users\/1"}],"replies":[{"embeddable":true,"href":"https:\/\/clubvet.com.tr\/en\/wp-json\/wp\/v2\/comments?post=2236"}],"version-history":[{"count":16,"href":"https:\/\/clubvet.com.tr\/en\/wp-json\/wp\/v2\/pages\/2236\/revisions"}],"predecessor-version":[{"id":3534,"href":"https:\/\/clubvet.com.tr\/en\/wp-json\/wp\/v2\/pages\/2236\/revisions\/3534"}],"up":[{"embeddable":true,"href":"https:\/\/clubvet.com.tr\/en\/wp-json\/wp\/v2\/pages\/2170"}],"wp:featuredmedia":[{"embeddable":true,"href":"https:\/\/clubvet.com.tr\/en\/wp-json\/wp\/v2\/media\/2752"}],"wp:attachment":[{"href":"https:\/\/clubvet.com.tr\/en\/wp-json\/wp\/v2\/media?parent=2236"}],"curies":[{"name":"wp","href":"https:\/\/api.w.org\/{rel}","templated":true}]}}